{"id":77861,"date":"2025-07-11T16:23:40","date_gmt":"2025-07-11T13:23:40","guid":{"rendered":"https:\/\/demo8.ecube.lv\/sezona.lv\/products\/wilson-ultra-xp100ls-tenisa-rakete\/"},"modified":"2025-07-14T15:14:00","modified_gmt":"2025-07-14T12:14:00","slug":"wilson-ultra-xp100ls-tenisa-rakete","status":"publish","type":"product","link":"https:\/\/sezona.lv\/en\/products\/wilson-ultra-xp100ls-tenisa-rakete\/","title":{"rendered":"Wilson ULTRA XP100LS tenisa rakete"},"content":{"rendered":"<table id=\"product-attribute-specs-table\" class=\"data-table\" border=\"0\">\n<tbody>\n<tr class=\"first odd\">\n<th class=\"label\">Ra\u017eot\u0101js<\/th>\n<td class=\"data last\">WILSON<\/td>\n<\/tr>\n<tr class=\"even\">\n<th class=\"label\">Svars bez st\u012bg\u0101m , g<\/th>\n<td class=\"data last\">0.266<\/td>\n<\/tr>\n<tr class=\"odd\">\n<th class=\"label\">Galvas plat\u012bba, cm&sup2;<\/th>\n<td class=\"data last\">645<\/td>\n<\/tr>\n<tr class=\"even\">\n<th class=\"label\">Balanss<\/th>\n<td class=\"data last\">340mm<\/td>\n<\/tr>\n<tr class=\"odd\">\n<th class=\"label\">St\u012bgojuma formula<\/th>\n<td class=\"data last\">16&#215;15<\/td>\n<\/tr>\n<tr class=\"even\">\n<th class=\"label\">Kr\u0101sa<\/th>\n<td class=\"data last\">Pel\u0113ka<\/td>\n<\/tr>\n<tr class=\"odd\">\n<th class=\"label\">Ra\u017eot\u0101ja kods<\/th>\n<td class=\"data last\">TRT72940U3<\/td>\n<\/tr>\n<tr class=\"last even over\">\n<th class=\"label\">Garantijas laiks, m\u0113ne&scaron;i<\/th>\n<td class=\"data last\">24<\/td>\n<\/tr>\n<\/tbody>\n<\/table>\n","protected":false},"excerpt":{"rendered":"<p>Ra\u017eot\u0101js WILSON Svars bez st\u012bg\u0101m , g 0.266 Galvas plat\u012bba, cm&sup2; 645 Balanss 340mm St\u012bgojuma formula 16&#215;15 Kr\u0101sa Pel\u0113ka Ra\u017eot\u0101ja kods TRT72940U3 Garantijas laiks, m\u0113ne&scaron;i 24<\/p>\n","protected":false},"featured_media":68479,"template":"","meta":[],"product_brand":[920],"product_cat":[4602,4673,4674],"product_tag":[],"class_list":{"0":"post-77861","1":"product","2":"type-product","3":"status-publish","4":"has-post-thumbnail","6":"product_brand-wilson","7":"product_cat-summer-sports-sports","8":"product_cat-tennis-summer-sports-sports","9":"product_cat-tennis-rackets-tennis-summer-sports-sports","11":"first","12":"instock","13":"shipping-taxable","14":"purchasable","15":"product-type-simple"},"_links":{"self":[{"href":"https:\/\/sezona.lv\/en\/wp-json\/wp\/v2\/product\/77861","targetHints":{"allow":["GET"]}}],"collection":[{"href":"https:\/\/sezona.lv\/en\/wp-json\/wp\/v2\/product"}],"about":[{"href":"https:\/\/sezona.lv\/en\/wp-json\/wp\/v2\/types\/product"}],"wp:featuredmedia":[{"embeddable":true,"href":"https:\/\/sezona.lv\/en\/wp-json\/wp\/v2\/media\/68479"}],"wp:attachment":[{"href":"https:\/\/sezona.lv\/en\/wp-json\/wp\/v2\/media?parent=77861"}],"wp:term":[{"taxonomy":"product_brand","embeddable":true,"href":"https:\/\/sezona.lv\/en\/wp-json\/wp\/v2\/product_brand?post=77861"},{"taxonomy":"product_cat","embeddable":true,"href":"https:\/\/sezona.lv\/en\/wp-json\/wp\/v2\/product_cat?post=77861"},{"taxonomy":"product_tag","embeddable":true,"href":"https:\/\/sezona.lv\/en\/wp-json\/wp\/v2\/product_tag?post=77861"}],"curies":[{"name":"wp","href":"https:\/\/api.w.org\/{rel}","templated":true}]}}