{"id":77864,"date":"2025-07-11T16:23:44","date_gmt":"2025-07-11T13:23:44","guid":{"rendered":"https:\/\/demo8.ecube.lv\/sezona.lv\/products\/wilson-ultra-103s-tenisa-rakete\/"},"modified":"2025-07-14T15:14:04","modified_gmt":"2025-07-14T12:14:04","slug":"wilson-ultra-103s-tenisa-rakete","status":"publish","type":"product","link":"https:\/\/sezona.lv\/en\/products\/wilson-ultra-103s-tenisa-rakete\/","title":{"rendered":"Wilson ULTRA 103S tenisa rakete"},"content":{"rendered":"<p class=\"western\" lang=\"lv-LV\">Nosaukums: Wilson Ultra 103s&nbsp;<\/p>\n<p class=\"western\"><span lang=\"lv-LV\">Galvas izm<\/span><span><span lang=\"lv-LV\">\u0113<\/span><\/span><span lang=\"lv-LV\">rs:665&nbsp;<\/span><\/p>\n<p class=\"western\"><span lang=\"lv-LV\">Svars bez st<\/span><span><span lang=\"lv-LV\">\u012b<\/span><\/span><span lang=\"lv-LV\">g<\/span><span><span lang=\"lv-LV\">\u0101<\/span><\/span><span lang=\"lv-LV\">m:<\/span>290&nbsp;<\/p>\n<p class=\"western\"><span lang=\"lv-LV\">Bilance bez st<\/span><span><span lang=\"lv-LV\">\u012b<\/span><\/span><span lang=\"lv-LV\">g<\/span><span><span lang=\"lv-LV\">\u0101<\/span><\/span><span lang=\"lv-LV\">m:<\/span>33.5<\/p>\n<p class=\"western\" lang=\"lv-LV\">Garums:&nbsp;69.22&nbsp;<\/p>\n<p class=\"western\"><span lang=\"lv-LV\">St<\/span><span><span lang=\"lv-LV\">\u012b<\/span><\/span><span lang=\"lv-LV\">gojums:<\/span>16&#215;15&nbsp;<\/p>\n<p class=\"western\"><span lang=\"lv-LV\">Roktura izm<\/span><span><span lang=\"lv-LV\">\u0113<\/span><\/span><span lang=\"lv-LV\">rs:<\/span>3<\/p>\n","protected":false},"excerpt":{"rendered":"<p>Nosaukums: Wilson Ultra 103s&nbsp; Galvas izm\u0113rs:665&nbsp; Svars bez st\u012bg\u0101m:290&nbsp; Bilance bez st\u012bg\u0101m:33.5 Garums:&nbsp;69.22&nbsp; St\u012bgojums:16&#215;15&nbsp; Roktura izm\u0113rs:3<\/p>\n","protected":false},"featured_media":68488,"template":"","meta":[],"product_brand":[920],"product_cat":[4602,4673,4674],"product_tag":[],"class_list":{"0":"post-77864","1":"product","2":"type-product","3":"status-publish","4":"has-post-thumbnail","6":"product_brand-wilson","7":"product_cat-summer-sports-sports","8":"product_cat-tennis-summer-sports-sports","9":"product_cat-tennis-rackets-tennis-summer-sports-sports","11":"first","12":"instock","13":"shipping-taxable","14":"purchasable","15":"product-type-simple"},"_links":{"self":[{"href":"https:\/\/sezona.lv\/en\/wp-json\/wp\/v2\/product\/77864","targetHints":{"allow":["GET"]}}],"collection":[{"href":"https:\/\/sezona.lv\/en\/wp-json\/wp\/v2\/product"}],"about":[{"href":"https:\/\/sezona.lv\/en\/wp-json\/wp\/v2\/types\/product"}],"wp:featuredmedia":[{"embeddable":true,"href":"https:\/\/sezona.lv\/en\/wp-json\/wp\/v2\/media\/68488"}],"wp:attachment":[{"href":"https:\/\/sezona.lv\/en\/wp-json\/wp\/v2\/media?parent=77864"}],"wp:term":[{"taxonomy":"product_brand","embeddable":true,"href":"https:\/\/sezona.lv\/en\/wp-json\/wp\/v2\/product_brand?post=77864"},{"taxonomy":"product_cat","embeddable":true,"href":"https:\/\/sezona.lv\/en\/wp-json\/wp\/v2\/product_cat?post=77864"},{"taxonomy":"product_tag","embeddable":true,"href":"https:\/\/sezona.lv\/en\/wp-json\/wp\/v2\/product_tag?post=77864"}],"curies":[{"name":"wp","href":"https:\/\/api.w.org\/{rel}","templated":true}]}}