{"id":77867,"date":"2025-07-11T16:23:51","date_gmt":"2025-07-11T13:23:51","guid":{"rendered":"https:\/\/demo8.ecube.lv\/sezona.lv\/products\/wilson-drone-tour100-tenisa-rakete\/"},"modified":"2025-07-14T15:14:08","modified_gmt":"2025-07-14T12:14:08","slug":"wilson-drone-tour100-tenisa-rakete","status":"publish","type":"product","link":"https:\/\/sezona.lv\/en\/products\/wilson-drone-tour100-tenisa-rakete\/","title":{"rendered":"Wilson DRONE TOUR100 tenisa rakete"},"content":{"rendered":"<p><span>Nosaukums: Drone Tour 100<\/span><br \/><span>Galvas izm\u0113rs:645&nbsp;<\/span><br \/><span>Svars bez st\u012bg\u0101m:284&nbsp;<\/span><br \/><span>Bilance bez st\u012bg\u0101m:32.5 &nbsp;<\/span><br \/><span>Garums:68.6&nbsp;<\/span><br \/><span>St\u012bgojums:16&#215;19&nbsp;<\/span><br \/><span>Roktura izm\u0113rs:3<\/span><\/p>\n","protected":false},"excerpt":{"rendered":"<p>Nosaukums: Drone Tour 100Galvas izm\u0113rs:645&nbsp;Svars bez st\u012bg\u0101m:284&nbsp;Bilance bez st\u012bg\u0101m:32.5 &nbsp;Garums:68.6&nbsp;St\u012bgojums:16&#215;19&nbsp;Roktura izm\u0113rs:3<\/p>\n","protected":false},"featured_media":68497,"template":"","meta":[],"product_brand":[920],"product_cat":[4602,4673,4674],"product_tag":[],"class_list":{"0":"post-77867","1":"product","2":"type-product","3":"status-publish","4":"has-post-thumbnail","6":"product_brand-wilson","7":"product_cat-summer-sports-sports","8":"product_cat-tennis-summer-sports-sports","9":"product_cat-tennis-rackets-tennis-summer-sports-sports","11":"first","12":"instock","13":"shipping-taxable","14":"purchasable","15":"product-type-simple"},"_links":{"self":[{"href":"https:\/\/sezona.lv\/en\/wp-json\/wp\/v2\/product\/77867","targetHints":{"allow":["GET"]}}],"collection":[{"href":"https:\/\/sezona.lv\/en\/wp-json\/wp\/v2\/product"}],"about":[{"href":"https:\/\/sezona.lv\/en\/wp-json\/wp\/v2\/types\/product"}],"wp:featuredmedia":[{"embeddable":true,"href":"https:\/\/sezona.lv\/en\/wp-json\/wp\/v2\/media\/68497"}],"wp:attachment":[{"href":"https:\/\/sezona.lv\/en\/wp-json\/wp\/v2\/media?parent=77867"}],"wp:term":[{"taxonomy":"product_brand","embeddable":true,"href":"https:\/\/sezona.lv\/en\/wp-json\/wp\/v2\/product_brand?post=77867"},{"taxonomy":"product_cat","embeddable":true,"href":"https:\/\/sezona.lv\/en\/wp-json\/wp\/v2\/product_cat?post=77867"},{"taxonomy":"product_tag","embeddable":true,"href":"https:\/\/sezona.lv\/en\/wp-json\/wp\/v2\/product_tag?post=77867"}],"curies":[{"name":"wp","href":"https:\/\/api.w.org\/{rel}","templated":true}]}}