{"id":77870,"date":"2025-07-11T16:23:54","date_gmt":"2025-07-11T13:23:54","guid":{"rendered":"https:\/\/demo8.ecube.lv\/sezona.lv\/products\/wilson-nitro-100-tenisa-rakete\/"},"modified":"2025-07-14T15:14:20","modified_gmt":"2025-07-14T12:14:20","slug":"wilson-nitro-100-tenisa-rakete","status":"publish","type":"product","link":"https:\/\/sezona.lv\/en\/products\/wilson-nitro-100-tenisa-rakete\/","title":{"rendered":"Wilson NITRO 100 tenisa rakete"},"content":{"rendered":"<p><span>Nosaukums:NITRO 100&nbsp;<\/span><br \/><span>Galvas izm\u0113rs:645&nbsp;<\/span><br \/><span>Svars bez st\u012bg\u0101m:269 &nbsp;<\/span><br \/><span>Bilance bez st\u012bg\u0101m:32&nbsp;<\/span><br \/><span>Garums:68.6&nbsp;<\/span><br \/><span>St\u012bgojums:16&#215;19&nbsp;<\/span><br \/><span>Roktura izm\u0113rs: 2;3<\/span><\/p>\n","protected":false},"excerpt":{"rendered":"<p>Nosaukums:NITRO 100&nbsp;Galvas izm\u0113rs:645&nbsp;Svars bez st\u012bg\u0101m:269 &nbsp;Bilance bez st\u012bg\u0101m:32&nbsp;Garums:68.6&nbsp;St\u012bgojums:16&#215;19&nbsp;Roktura izm\u0113rs: 2;3<\/p>\n","protected":false},"featured_media":68506,"template":"","meta":[],"product_brand":[920],"product_cat":[4602,4673,4674],"product_tag":[],"class_list":{"0":"post-77870","1":"product","2":"type-product","3":"status-publish","4":"has-post-thumbnail","6":"product_brand-wilson","7":"product_cat-summer-sports-sports","8":"product_cat-tennis-summer-sports-sports","9":"product_cat-tennis-rackets-tennis-summer-sports-sports","11":"first","12":"instock","13":"shipping-taxable","14":"purchasable","15":"product-type-simple"},"_links":{"self":[{"href":"https:\/\/sezona.lv\/en\/wp-json\/wp\/v2\/product\/77870","targetHints":{"allow":["GET"]}}],"collection":[{"href":"https:\/\/sezona.lv\/en\/wp-json\/wp\/v2\/product"}],"about":[{"href":"https:\/\/sezona.lv\/en\/wp-json\/wp\/v2\/types\/product"}],"wp:featuredmedia":[{"embeddable":true,"href":"https:\/\/sezona.lv\/en\/wp-json\/wp\/v2\/media\/68506"}],"wp:attachment":[{"href":"https:\/\/sezona.lv\/en\/wp-json\/wp\/v2\/media?parent=77870"}],"wp:term":[{"taxonomy":"product_brand","embeddable":true,"href":"https:\/\/sezona.lv\/en\/wp-json\/wp\/v2\/product_brand?post=77870"},{"taxonomy":"product_cat","embeddable":true,"href":"https:\/\/sezona.lv\/en\/wp-json\/wp\/v2\/product_cat?post=77870"},{"taxonomy":"product_tag","embeddable":true,"href":"https:\/\/sezona.lv\/en\/wp-json\/wp\/v2\/product_tag?post=77870"}],"curies":[{"name":"wp","href":"https:\/\/api.w.org\/{rel}","templated":true}]}}