{"id":77871,"date":"2025-07-11T16:23:55","date_gmt":"2025-07-11T13:23:55","guid":{"rendered":"https:\/\/demo8.ecube.lv\/sezona.lv\/products\/wilson-tour-slam-tenisa-rakete-wrt-322300\/"},"modified":"2025-07-14T15:14:21","modified_gmt":"2025-07-14T12:14:21","slug":"wilson-tour-slam-tenisa-rakete-wrt-322300","status":"publish","type":"product","link":"https:\/\/sezona.lv\/en\/products\/wilson-tour-slam-tenisa-rakete-wrt-322300\/","title":{"rendered":"Wilson TOUR SLAM tenisa rakete WRT 322300"},"content":{"rendered":"<p><span>Nosaukums:TOUR SLAM &nbsp;<\/span><br \/><span>Galvas izm\u0113rs:710&nbsp;<\/span><br \/><span>Svars bez st\u012bg\u0101m:&nbsp;326 svars ar st\u012bg\u0101m<\/span><br \/><span>Bilance bez st\u012bg\u0101m:&nbsp;33.5 bilance ar st\u012bgam<\/span><br \/><span>Garums:&nbsp;69.2&nbsp;<\/span><br \/><span>St\u012bgojums:16&#215;19&nbsp;<\/span><br \/><span>Roktura izm\u0113rs:2<\/span><\/p>\n","protected":false},"excerpt":{"rendered":"<p>Nosaukums:TOUR SLAM &nbsp;Galvas izm\u0113rs:710&nbsp;Svars bez st\u012bg\u0101m:&nbsp;326 svars ar st\u012bg\u0101mBilance bez st\u012bg\u0101m:&nbsp;33.5 bilance ar st\u012bgamGarums:&nbsp;69.2&nbsp;St\u012bgojums:16&#215;19&nbsp;Roktura izm\u0113rs:2<\/p>\n","protected":false},"featured_media":68509,"template":"","meta":[],"product_brand":[920],"product_cat":[4602,4673,4674],"product_tag":[],"class_list":{"0":"post-77871","1":"product","2":"type-product","3":"status-publish","4":"has-post-thumbnail","6":"product_brand-wilson","7":"product_cat-summer-sports-sports","8":"product_cat-tennis-summer-sports-sports","9":"product_cat-tennis-rackets-tennis-summer-sports-sports","11":"first","12":"instock","13":"shipping-taxable","14":"purchasable","15":"product-type-simple"},"_links":{"self":[{"href":"https:\/\/sezona.lv\/en\/wp-json\/wp\/v2\/product\/77871","targetHints":{"allow":["GET"]}}],"collection":[{"href":"https:\/\/sezona.lv\/en\/wp-json\/wp\/v2\/product"}],"about":[{"href":"https:\/\/sezona.lv\/en\/wp-json\/wp\/v2\/types\/product"}],"wp:featuredmedia":[{"embeddable":true,"href":"https:\/\/sezona.lv\/en\/wp-json\/wp\/v2\/media\/68509"}],"wp:attachment":[{"href":"https:\/\/sezona.lv\/en\/wp-json\/wp\/v2\/media?parent=77871"}],"wp:term":[{"taxonomy":"product_brand","embeddable":true,"href":"https:\/\/sezona.lv\/en\/wp-json\/wp\/v2\/product_brand?post=77871"},{"taxonomy":"product_cat","embeddable":true,"href":"https:\/\/sezona.lv\/en\/wp-json\/wp\/v2\/product_cat?post=77871"},{"taxonomy":"product_tag","embeddable":true,"href":"https:\/\/sezona.lv\/en\/wp-json\/wp\/v2\/product_tag?post=77871"}],"curies":[{"name":"wp","href":"https:\/\/api.w.org\/{rel}","templated":true}]}}