{"id":77873,"date":"2025-07-11T16:23:58","date_gmt":"2025-07-11T13:23:58","guid":{"rendered":"https:\/\/demo8.ecube.lv\/sezona.lv\/products\/wilson-federer-19-tenisa-rakete\/"},"modified":"2025-07-14T15:14:23","modified_gmt":"2025-07-14T12:14:23","slug":"wilson-federer-19-tenisa-rakete","status":"publish","type":"product","link":"https:\/\/sezona.lv\/en\/products\/wilson-federer-19-tenisa-rakete\/","title":{"rendered":"Wilson FEDERER 19 tenisa rakete"},"content":{"rendered":"<p class=\"western\" lang=\"lv-LV\">Nosaukums:Wilson Federer 19<\/p>\n<p class=\"western\"><span lang=\"lv-LV\">Galvas izm<\/span><span><span lang=\"lv-LV\">\u0113<\/span><\/span><span lang=\"lv-LV\">rs:516&nbsp;<\/span><\/p>\n<p class=\"western\"><span lang=\"lv-LV\">Svars ar st<\/span><span><span lang=\"lv-LV\">\u012b<\/span><\/span><span lang=\"lv-LV\">g<\/span><span><span lang=\"lv-LV\">\u0101<\/span><\/span><span lang=\"lv-LV\">m:<\/span>175&nbsp;<\/p>\n<p class=\"western\"><span lang=\"lv-LV\">Bilance ar st<\/span><span><span lang=\"lv-LV\">\u012b<\/span><\/span><span lang=\"lv-LV\">g<\/span><span><span lang=\"lv-LV\">\u0101<\/span><\/span><span lang=\"lv-LV\">m:<\/span>34&nbsp;<\/p>\n<p class=\"western\" lang=\"lv-LV\">Garums:48.3&nbsp;<\/p>\n<p class=\"western\"><span lang=\"lv-LV\">St<\/span><span><span lang=\"lv-LV\">\u012b<\/span><\/span><span lang=\"lv-LV\">gojums:<\/span>16X15<\/p>\n","protected":false},"excerpt":{"rendered":"<p>Nosaukums:Wilson Federer 19 Galvas izm\u0113rs:516&nbsp; Svars ar st\u012bg\u0101m:175&nbsp; Bilance ar st\u012bg\u0101m:34&nbsp; Garums:48.3&nbsp; St\u012bgojums:16X15<\/p>\n","protected":false},"featured_media":68515,"template":"","meta":[],"product_brand":[920],"product_cat":[4602,4673,4675],"product_tag":[],"class_list":{"0":"post-77873","1":"product","2":"type-product","3":"status-publish","4":"has-post-thumbnail","6":"product_brand-wilson","7":"product_cat-summer-sports-sports","8":"product_cat-tennis-summer-sports-sports","9":"product_cat-childrens-tennis-rackets-tennis-summer-sports-sports","11":"first","12":"instock","13":"shipping-taxable","14":"purchasable","15":"product-type-simple"},"_links":{"self":[{"href":"https:\/\/sezona.lv\/en\/wp-json\/wp\/v2\/product\/77873","targetHints":{"allow":["GET"]}}],"collection":[{"href":"https:\/\/sezona.lv\/en\/wp-json\/wp\/v2\/product"}],"about":[{"href":"https:\/\/sezona.lv\/en\/wp-json\/wp\/v2\/types\/product"}],"wp:featuredmedia":[{"embeddable":true,"href":"https:\/\/sezona.lv\/en\/wp-json\/wp\/v2\/media\/68515"}],"wp:attachment":[{"href":"https:\/\/sezona.lv\/en\/wp-json\/wp\/v2\/media?parent=77873"}],"wp:term":[{"taxonomy":"product_brand","embeddable":true,"href":"https:\/\/sezona.lv\/en\/wp-json\/wp\/v2\/product_brand?post=77873"},{"taxonomy":"product_cat","embeddable":true,"href":"https:\/\/sezona.lv\/en\/wp-json\/wp\/v2\/product_cat?post=77873"},{"taxonomy":"product_tag","embeddable":true,"href":"https:\/\/sezona.lv\/en\/wp-json\/wp\/v2\/product_tag?post=77873"}],"curies":[{"name":"wp","href":"https:\/\/api.w.org\/{rel}","templated":true}]}}