{"id":77876,"date":"2025-07-11T16:24:01","date_gmt":"2025-07-11T13:24:01","guid":{"rendered":"https:\/\/demo8.ecube.lv\/sezona.lv\/products\/wilson-burn-21-tenisa-rakete\/"},"modified":"2025-07-14T15:14:26","modified_gmt":"2025-07-14T12:14:26","slug":"wilson-burn-21-tenisa-rakete","status":"publish","type":"product","link":"https:\/\/sezona.lv\/en\/products\/wilson-burn-21-tenisa-rakete\/","title":{"rendered":"Wilson BURN 21 tenisa rakete"},"content":{"rendered":"<p class=\"western\" lang=\"lv-LV\">Nosaukums: Wilson&nbsp;BURN 21&nbsp;<\/p>\n<p class=\"western\"><span lang=\"lv-LV\">Galvas izm<\/span><span><span lang=\"lv-LV\">\u0113<\/span><\/span><span lang=\"lv-LV\">rs:<\/span>581&nbsp;<\/p>\n<p class=\"western\"><span lang=\"lv-LV\">Svars ar st<\/span><span><span lang=\"lv-LV\">\u012b<\/span><\/span><span lang=\"lv-LV\">g<\/span><span><span lang=\"lv-LV\">\u0101<\/span><\/span><span lang=\"lv-LV\">m:<\/span>195&nbsp;<\/p>\n<p class=\"western\"><span lang=\"lv-LV\">Bilance ar st<\/span><span><span lang=\"lv-LV\">\u012b<\/span><\/span><span lang=\"lv-LV\">g<\/span><span><span lang=\"lv-LV\">\u0101<\/span><\/span><span lang=\"lv-LV\">m:<\/span>33.5&nbsp;<\/p>\n<p class=\"western\" lang=\"lv-LV\">Garums:53.3<\/p>\n<p class=\"western\"><span lang=\"lv-LV\">St<\/span><span><span lang=\"lv-LV\">\u012b<\/span><\/span><span lang=\"lv-LV\">gojums:<\/span>&nbsp;16X16<\/p>\n","protected":false},"excerpt":{"rendered":"<p>Nosaukums: Wilson&nbsp;BURN 21&nbsp; Galvas izm\u0113rs:581&nbsp; Svars ar st\u012bg\u0101m:195&nbsp; Bilance ar st\u012bg\u0101m:33.5&nbsp; Garums:53.3 St\u012bgojums:&nbsp;16X16<\/p>\n","protected":false},"featured_media":68524,"template":"","meta":[],"product_brand":[920],"product_cat":[4602,4673,4675],"product_tag":[],"class_list":{"0":"post-77876","1":"product","2":"type-product","3":"status-publish","4":"has-post-thumbnail","6":"product_brand-wilson","7":"product_cat-summer-sports-sports","8":"product_cat-tennis-summer-sports-sports","9":"product_cat-childrens-tennis-rackets-tennis-summer-sports-sports","11":"first","12":"instock","13":"shipping-taxable","14":"purchasable","15":"product-type-simple"},"_links":{"self":[{"href":"https:\/\/sezona.lv\/en\/wp-json\/wp\/v2\/product\/77876","targetHints":{"allow":["GET"]}}],"collection":[{"href":"https:\/\/sezona.lv\/en\/wp-json\/wp\/v2\/product"}],"about":[{"href":"https:\/\/sezona.lv\/en\/wp-json\/wp\/v2\/types\/product"}],"wp:featuredmedia":[{"embeddable":true,"href":"https:\/\/sezona.lv\/en\/wp-json\/wp\/v2\/media\/68524"}],"wp:attachment":[{"href":"https:\/\/sezona.lv\/en\/wp-json\/wp\/v2\/media?parent=77876"}],"wp:term":[{"taxonomy":"product_brand","embeddable":true,"href":"https:\/\/sezona.lv\/en\/wp-json\/wp\/v2\/product_brand?post=77876"},{"taxonomy":"product_cat","embeddable":true,"href":"https:\/\/sezona.lv\/en\/wp-json\/wp\/v2\/product_cat?post=77876"},{"taxonomy":"product_tag","embeddable":true,"href":"https:\/\/sezona.lv\/en\/wp-json\/wp\/v2\/product_tag?post=77876"}],"curies":[{"name":"wp","href":"https:\/\/api.w.org\/{rel}","templated":true}]}}