{"id":77877,"date":"2025-07-11T16:24:03","date_gmt":"2025-07-11T13:24:03","guid":{"rendered":"https:\/\/demo8.ecube.lv\/sezona.lv\/products\/wilson-burn-pink-23-tenisa-rakete\/"},"modified":"2025-07-14T15:14:27","modified_gmt":"2025-07-14T12:14:27","slug":"wilson-burn-pink-23-tenisa-rakete","status":"publish","type":"product","link":"https:\/\/sezona.lv\/en\/products\/wilson-burn-pink-23-tenisa-rakete\/","title":{"rendered":"Wilson BURN PINK 23 tenisa rakete"},"content":{"rendered":"<p class=\"western\" lang=\"lv-LV\">Nosaukums: Wilson&nbsp;BURN PINK 23&nbsp;<\/p>\n<p class=\"western\"><span lang=\"lv-LV\">Galvas izm<\/span><span><span lang=\"lv-LV\">\u0113<\/span><\/span><span lang=\"lv-LV\">rs:<\/span>613&nbsp;<\/p>\n<p class=\"western\"><span lang=\"lv-LV\">Svars ar st<\/span><span><span lang=\"lv-LV\">\u012b<\/span><\/span><span lang=\"lv-LV\">g<\/span><span><span lang=\"lv-LV\">\u0101<\/span><\/span><span lang=\"lv-LV\">m:<\/span>205<\/p>\n<p class=\"western\"><span lang=\"lv-LV\">Bilance ar st<\/span><span><span lang=\"lv-LV\">\u012b<\/span><\/span><span lang=\"lv-LV\">g<\/span><span><span lang=\"lv-LV\">\u0101<\/span><\/span><span lang=\"lv-LV\">m:<\/span>&nbsp;33.5&nbsp;<\/p>\n<p class=\"western\" lang=\"lv-LV\">Garums:58.4&nbsp;<\/p>\n<p class=\"western\"><span lang=\"lv-LV\">St<\/span><span><span lang=\"lv-LV\">\u012b<\/span><\/span><span lang=\"lv-LV\">gojums:<\/span>16X17<\/p>\n","protected":false},"excerpt":{"rendered":"<p>Nosaukums: Wilson&nbsp;BURN PINK 23&nbsp; Galvas izm\u0113rs:613&nbsp; Svars ar st\u012bg\u0101m:205 Bilance ar st\u012bg\u0101m:&nbsp;33.5&nbsp; Garums:58.4&nbsp; St\u012bgojums:16X17<\/p>\n","protected":false},"featured_media":68527,"template":"","meta":[],"product_brand":[920],"product_cat":[4602,4673,4675],"product_tag":[],"class_list":{"0":"post-77877","1":"product","2":"type-product","3":"status-publish","4":"has-post-thumbnail","6":"product_brand-wilson","7":"product_cat-summer-sports-sports","8":"product_cat-tennis-summer-sports-sports","9":"product_cat-childrens-tennis-rackets-tennis-summer-sports-sports","11":"first","12":"instock","13":"shipping-taxable","14":"purchasable","15":"product-type-simple"},"_links":{"self":[{"href":"https:\/\/sezona.lv\/en\/wp-json\/wp\/v2\/product\/77877","targetHints":{"allow":["GET"]}}],"collection":[{"href":"https:\/\/sezona.lv\/en\/wp-json\/wp\/v2\/product"}],"about":[{"href":"https:\/\/sezona.lv\/en\/wp-json\/wp\/v2\/types\/product"}],"wp:featuredmedia":[{"embeddable":true,"href":"https:\/\/sezona.lv\/en\/wp-json\/wp\/v2\/media\/68527"}],"wp:attachment":[{"href":"https:\/\/sezona.lv\/en\/wp-json\/wp\/v2\/media?parent=77877"}],"wp:term":[{"taxonomy":"product_brand","embeddable":true,"href":"https:\/\/sezona.lv\/en\/wp-json\/wp\/v2\/product_brand?post=77877"},{"taxonomy":"product_cat","embeddable":true,"href":"https:\/\/sezona.lv\/en\/wp-json\/wp\/v2\/product_cat?post=77877"},{"taxonomy":"product_tag","embeddable":true,"href":"https:\/\/sezona.lv\/en\/wp-json\/wp\/v2\/product_tag?post=77877"}],"curies":[{"name":"wp","href":"https:\/\/api.w.org\/{rel}","templated":true}]}}