{"id":77879,"date":"2025-07-11T16:24:07","date_gmt":"2025-07-11T13:24:07","guid":{"rendered":"https:\/\/demo8.ecube.lv\/sezona.lv\/products\/wilson-nfl-team-logo-mini\/"},"modified":"2025-07-14T15:14:29","modified_gmt":"2025-07-14T12:14:29","slug":"wilson-nfl-team-logo-mini","status":"publish","type":"product","link":"https:\/\/sezona.lv\/en\/products\/wilson-nfl-team-logo-mini\/","title":{"rendered":"Wilson NFL TEAM LOGO MINI"},"content":{"rendered":"<p>Jauna dizaina mini amerik\u0101\u0146u futbola bumba.<\/p>\n<p>NFL komandu dizains.<\/p>\n<p>Izstr\u0101d\u0101ta sp\u0113lei visos laika apst\u0101k\u013cos.&nbsp;<\/p>\n<p>Piem\u0113rota sp\u0113lei uz visu veidu segumiem<\/p>\n","protected":false},"excerpt":{"rendered":"<p>Jauna dizaina mini amerik\u0101\u0146u futbola bumba. NFL komandu dizains. Izstr\u0101d\u0101ta sp\u0113lei visos laika apst\u0101k\u013cos.&nbsp; Piem\u0113rota sp\u0113lei uz visu veidu segumiem<\/p>\n","protected":false},"featured_media":68533,"template":"","meta":[],"product_brand":[920],"product_cat":[4602,4677,4678],"product_tag":[],"class_list":{"0":"post-77879","1":"product","2":"type-product","3":"status-publish","4":"has-post-thumbnail","6":"product_brand-wilson","7":"product_cat-summer-sports-sports","8":"product_cat-rugby-summer-sports-sports","9":"product_cat-rugby-balls-rugby-summer-sports-sports","11":"first","12":"instock","13":"shipping-taxable","14":"purchasable","15":"product-type-simple"},"_links":{"self":[{"href":"https:\/\/sezona.lv\/en\/wp-json\/wp\/v2\/product\/77879","targetHints":{"allow":["GET"]}}],"collection":[{"href":"https:\/\/sezona.lv\/en\/wp-json\/wp\/v2\/product"}],"about":[{"href":"https:\/\/sezona.lv\/en\/wp-json\/wp\/v2\/types\/product"}],"wp:featuredmedia":[{"embeddable":true,"href":"https:\/\/sezona.lv\/en\/wp-json\/wp\/v2\/media\/68533"}],"wp:attachment":[{"href":"https:\/\/sezona.lv\/en\/wp-json\/wp\/v2\/media?parent=77879"}],"wp:term":[{"taxonomy":"product_brand","embeddable":true,"href":"https:\/\/sezona.lv\/en\/wp-json\/wp\/v2\/product_brand?post=77879"},{"taxonomy":"product_cat","embeddable":true,"href":"https:\/\/sezona.lv\/en\/wp-json\/wp\/v2\/product_cat?post=77879"},{"taxonomy":"product_tag","embeddable":true,"href":"https:\/\/sezona.lv\/en\/wp-json\/wp\/v2\/product_tag?post=77879"}],"curies":[{"name":"wp","href":"https:\/\/api.w.org\/{rel}","templated":true}]}}