{"id":77880,"date":"2025-07-11T16:24:08","date_gmt":"2025-07-11T13:24:08","guid":{"rendered":"https:\/\/demo8.ecube.lv\/sezona.lv\/products\/staff-premium-skvosa-bumbina\/"},"modified":"2025-07-14T15:14:30","modified_gmt":"2025-07-14T12:14:30","slug":"staff-premium-skvosa-bumbina","status":"publish","type":"product","link":"https:\/\/sezona.lv\/en\/products\/staff-premium-skvosa-bumbina\/","title":{"rendered":"STAFF Premium skvo\u0161a bumbi\u0146a"},"content":{"rendered":"<p>Nodro&scaron;ina labas sp\u0113les kvalit\u0101ti. Apstiprin\u0101tas Pasaules Skvo&scaron;a Feder\u0101cijai. Pieejami \u0101trumi: slow Iepakojum\u0101 1 gb.&nbsp;<\/p>\n","protected":false},"excerpt":{"rendered":"<p>Nodro&scaron;ina labas sp\u0113les kvalit\u0101ti. Apstiprin\u0101tas Pasaules Skvo&scaron;a Feder\u0101cijai. Pieejami \u0101trumi: slow Iepakojum\u0101 1 gb.&nbsp;<\/p>\n","protected":false},"featured_media":68536,"template":"","meta":[],"product_brand":[920],"product_cat":[4602,4742,4743],"product_tag":[],"class_list":{"0":"post-77880","1":"product","2":"type-product","3":"status-publish","4":"has-post-thumbnail","6":"product_brand-wilson","7":"product_cat-summer-sports-sports","8":"product_cat-squash-summer-sports-sports","9":"product_cat-squash-rackets-squash-summer-sports-sports","11":"first","12":"instock","13":"shipping-taxable","14":"purchasable","15":"product-type-simple"},"_links":{"self":[{"href":"https:\/\/sezona.lv\/en\/wp-json\/wp\/v2\/product\/77880","targetHints":{"allow":["GET"]}}],"collection":[{"href":"https:\/\/sezona.lv\/en\/wp-json\/wp\/v2\/product"}],"about":[{"href":"https:\/\/sezona.lv\/en\/wp-json\/wp\/v2\/types\/product"}],"wp:featuredmedia":[{"embeddable":true,"href":"https:\/\/sezona.lv\/en\/wp-json\/wp\/v2\/media\/68536"}],"wp:attachment":[{"href":"https:\/\/sezona.lv\/en\/wp-json\/wp\/v2\/media?parent=77880"}],"wp:term":[{"taxonomy":"product_brand","embeddable":true,"href":"https:\/\/sezona.lv\/en\/wp-json\/wp\/v2\/product_brand?post=77880"},{"taxonomy":"product_cat","embeddable":true,"href":"https:\/\/sezona.lv\/en\/wp-json\/wp\/v2\/product_cat?post=77880"},{"taxonomy":"product_tag","embeddable":true,"href":"https:\/\/sezona.lv\/en\/wp-json\/wp\/v2\/product_tag?post=77880"}],"curies":[{"name":"wp","href":"https:\/\/api.w.org\/{rel}","templated":true}]}}