{"id":77881,"date":"2025-07-11T16:24:09","date_gmt":"2025-07-11T13:24:09","guid":{"rendered":"https:\/\/demo8.ecube.lv\/sezona.lv\/products\/skvosa-bumbinas-staff-iepakojuma-2-gb\/"},"modified":"2025-07-14T15:14:31","modified_gmt":"2025-07-14T12:14:31","slug":"skvosa-bumbinas-staff-iepakojuma-2-gb","status":"publish","type":"product","link":"https:\/\/sezona.lv\/en\/products\/skvosa-bumbinas-staff-iepakojuma-2-gb\/","title":{"rendered":"Skvo\u0161a bumbi\u0146as \u00abStaff\u00bb Iepakojum\u0101 2 gb."},"content":{"rendered":"<p>WRT6175 Nodro&scaron;ina labas sp\u0113les kvalit\u0101ti. Apstiprin\u0101tas Pasaules Skvo&scaron;a Feder\u0101cijai. \u0100trums: fast- \u0101trs &#8211; blue dot.<\/p>\n<p>WRT6176&nbsp;Nodro&scaron;ina labas sp\u0113les kvalit\u0101ti. Apstiprin\u0101tas Pasaules Skvo&scaron;a Feder\u0101cijai. \u0100trums: extra slow &ndash; \u013coti l\u0113ns &ndash; double yellow dot<\/p>\n<p>WRT6177 Nodro&scaron;ina labas sp\u0113les kvalit\u0101ti. Apstiprin\u0101tas Pasaules Skvo&scaron;a Feder\u0101cijai. \u0100trums: medium &ndash; vid\u0113jais &ndash; red dot.<\/p>\n<p>WRT6178 Nodro&scaron;ina labas sp\u0113les kvalit\u0101ti. Apstiprin\u0101tas Pasaules Skvo&scaron;a Feder\u0101cijai. \u0100trums: slow &ndash; l\u0113ns &ndash; yellow dot.&nbsp;<\/p>\n","protected":false},"excerpt":{"rendered":"<p>WRT6175 Nodro&scaron;ina labas sp\u0113les kvalit\u0101ti. Apstiprin\u0101tas Pasaules Skvo&scaron;a Feder\u0101cijai. \u0100trums: fast- \u0101trs &#8211; blue dot. WRT6176&nbsp;Nodro&scaron;ina labas sp\u0113les kvalit\u0101ti. Apstiprin\u0101tas Pasaules Skvo&scaron;a Feder\u0101cijai. \u0100trums: extra slow &ndash; \u013coti l\u0113ns &ndash; double yellow dot WRT6177 Nodro&scaron;ina labas sp\u0113les kvalit\u0101ti. Apstiprin\u0101tas Pasaules Skvo&scaron;a Feder\u0101cijai. \u0100trums: medium &ndash; vid\u0113jais &ndash; red dot. WRT6178 Nodro&scaron;ina labas sp\u0113les kvalit\u0101ti. Apstiprin\u0101tas [&hellip;]<\/p>\n","protected":false},"featured_media":68539,"template":"","meta":[],"product_brand":[920],"product_cat":[4602,4742,4743],"product_tag":[],"class_list":{"0":"post-77881","1":"product","2":"type-product","3":"status-publish","4":"has-post-thumbnail","6":"product_brand-wilson","7":"product_cat-summer-sports-sports","8":"product_cat-squash-summer-sports-sports","9":"product_cat-squash-rackets-squash-summer-sports-sports","11":"first","12":"instock","13":"shipping-taxable","14":"purchasable","15":"product-type-simple"},"_links":{"self":[{"href":"https:\/\/sezona.lv\/en\/wp-json\/wp\/v2\/product\/77881","targetHints":{"allow":["GET"]}}],"collection":[{"href":"https:\/\/sezona.lv\/en\/wp-json\/wp\/v2\/product"}],"about":[{"href":"https:\/\/sezona.lv\/en\/wp-json\/wp\/v2\/types\/product"}],"wp:featuredmedia":[{"embeddable":true,"href":"https:\/\/sezona.lv\/en\/wp-json\/wp\/v2\/media\/68539"}],"wp:attachment":[{"href":"https:\/\/sezona.lv\/en\/wp-json\/wp\/v2\/media?parent=77881"}],"wp:term":[{"taxonomy":"product_brand","embeddable":true,"href":"https:\/\/sezona.lv\/en\/wp-json\/wp\/v2\/product_brand?post=77881"},{"taxonomy":"product_cat","embeddable":true,"href":"https:\/\/sezona.lv\/en\/wp-json\/wp\/v2\/product_cat?post=77881"},{"taxonomy":"product_tag","embeddable":true,"href":"https:\/\/sezona.lv\/en\/wp-json\/wp\/v2\/product_tag?post=77881"}],"curies":[{"name":"wp","href":"https:\/\/api.w.org\/{rel}","templated":true}]}}