{"id":77882,"date":"2025-07-11T16:24:10","date_gmt":"2025-07-11T13:24:10","guid":{"rendered":"https:\/\/demo8.ecube.lv\/sezona.lv\/products\/wilson-futbola-bumba-ncaa-uno-ii-deluxe\/"},"modified":"2025-07-14T15:14:32","modified_gmt":"2025-07-14T12:14:32","slug":"wilson-futbola-bumba-ncaa-uno-ii-deluxe","status":"publish","type":"product","link":"https:\/\/sezona.lv\/en\/products\/wilson-futbola-bumba-ncaa-uno-ii-deluxe\/","title":{"rendered":"Wilson Futbola bumba NCAA UNO II DELUXE"},"content":{"rendered":"<p>NCAA ofici\u0101l\u0101 bumba.<\/p>\n<p>Konstrukcija no 32 pane\u013ciem, uz ma&scaron;\u012bnas &scaron;\u016bta bumba.&nbsp;<\/p>\n<p>Labi saskat\u0101ma.<\/p>\n<p>Premium klases kompoz\u012bta \u0101da ar mikrotekst\u016bru uzlabotai iztur\u012bbai un lab\u0101kai kontrolei.<\/p>\n<p>Izm\u0113rs 5<\/p>\n","protected":false},"excerpt":{"rendered":"<p>NCAA ofici\u0101l\u0101 bumba. Konstrukcija no 32 pane\u013ciem, uz ma&scaron;\u012bnas &scaron;\u016bta bumba.&nbsp; Labi saskat\u0101ma. Premium klases kompoz\u012bta \u0101da ar mikrotekst\u016bru uzlabotai iztur\u012bbai un lab\u0101kai kontrolei. Izm\u0113rs 5<\/p>\n","protected":false},"featured_media":68542,"template":"","meta":[],"product_brand":[920],"product_cat":[4602,4671,4672],"product_tag":[],"class_list":{"0":"post-77882","1":"product","2":"type-product","3":"status-publish","4":"has-post-thumbnail","6":"product_brand-wilson","7":"product_cat-summer-sports-sports","8":"product_cat-football-summer-sports-sports","9":"product_cat-soccer-balls-football-summer-sports-sports","11":"first","12":"instock","13":"shipping-taxable","14":"purchasable","15":"product-type-simple"},"_links":{"self":[{"href":"https:\/\/sezona.lv\/en\/wp-json\/wp\/v2\/product\/77882","targetHints":{"allow":["GET"]}}],"collection":[{"href":"https:\/\/sezona.lv\/en\/wp-json\/wp\/v2\/product"}],"about":[{"href":"https:\/\/sezona.lv\/en\/wp-json\/wp\/v2\/types\/product"}],"wp:featuredmedia":[{"embeddable":true,"href":"https:\/\/sezona.lv\/en\/wp-json\/wp\/v2\/media\/68542"}],"wp:attachment":[{"href":"https:\/\/sezona.lv\/en\/wp-json\/wp\/v2\/media?parent=77882"}],"wp:term":[{"taxonomy":"product_brand","embeddable":true,"href":"https:\/\/sezona.lv\/en\/wp-json\/wp\/v2\/product_brand?post=77882"},{"taxonomy":"product_cat","embeddable":true,"href":"https:\/\/sezona.lv\/en\/wp-json\/wp\/v2\/product_cat?post=77882"},{"taxonomy":"product_tag","embeddable":true,"href":"https:\/\/sezona.lv\/en\/wp-json\/wp\/v2\/product_tag?post=77882"}],"curies":[{"name":"wp","href":"https:\/\/api.w.org\/{rel}","templated":true}]}}