{"id":77884,"date":"2025-07-11T16:24:12","date_gmt":"2025-07-11T13:24:12","guid":{"rendered":"https:\/\/demo8.ecube.lv\/sezona.lv\/products\/wilson-volejbola-bumba-prestige-green\/"},"modified":"2025-07-14T15:14:34","modified_gmt":"2025-07-14T12:14:34","slug":"wilson-volejbola-bumba-prestige-green","status":"publish","type":"product","link":"https:\/\/sezona.lv\/en\/products\/wilson-volejbola-bumba-prestige-green\/","title":{"rendered":"Wilson Volejbola bumba PRESTIGE GREEN"},"content":{"rendered":"<p>Volejbola bumba no iztur\u012bgas sint\u0113tisk\u0101s \u0101das, izveidota speci\u0101li sp\u0113l\u0113m telp\u0101s.<\/p>\n<p>V-&scaron;uvju konstrukcija maz\u0101k abraz\u012bviem kan\u0101liem.<\/p>\n<p>Ofici\u0101ls izm\u0113rs un svars.<\/p>\n","protected":false},"excerpt":{"rendered":"<p>Volejbola bumba no iztur\u012bgas sint\u0113tisk\u0101s \u0101das, izveidota speci\u0101li sp\u0113l\u0113m telp\u0101s. V-&scaron;uvju konstrukcija maz\u0101k abraz\u012bviem kan\u0101liem. Ofici\u0101ls izm\u0113rs un svars.<\/p>\n","protected":false},"featured_media":68548,"template":"","meta":[],"product_brand":[920],"product_cat":[4602,4669,4670],"product_tag":[],"class_list":{"0":"post-77884","1":"product","2":"type-product","3":"status-publish","4":"has-post-thumbnail","6":"product_brand-wilson","7":"product_cat-summer-sports-sports","8":"product_cat-volleyball-summer-sports-sports","9":"product_cat-volley-balls-volleyball-summer-sports-sports","11":"first","12":"instock","13":"shipping-taxable","14":"purchasable","15":"product-type-simple"},"_links":{"self":[{"href":"https:\/\/sezona.lv\/en\/wp-json\/wp\/v2\/product\/77884","targetHints":{"allow":["GET"]}}],"collection":[{"href":"https:\/\/sezona.lv\/en\/wp-json\/wp\/v2\/product"}],"about":[{"href":"https:\/\/sezona.lv\/en\/wp-json\/wp\/v2\/types\/product"}],"wp:featuredmedia":[{"embeddable":true,"href":"https:\/\/sezona.lv\/en\/wp-json\/wp\/v2\/media\/68548"}],"wp:attachment":[{"href":"https:\/\/sezona.lv\/en\/wp-json\/wp\/v2\/media?parent=77884"}],"wp:term":[{"taxonomy":"product_brand","embeddable":true,"href":"https:\/\/sezona.lv\/en\/wp-json\/wp\/v2\/product_brand?post=77884"},{"taxonomy":"product_cat","embeddable":true,"href":"https:\/\/sezona.lv\/en\/wp-json\/wp\/v2\/product_cat?post=77884"},{"taxonomy":"product_tag","embeddable":true,"href":"https:\/\/sezona.lv\/en\/wp-json\/wp\/v2\/product_tag?post=77884"}],"curies":[{"name":"wp","href":"https:\/\/api.w.org\/{rel}","templated":true}]}}