{"id":77885,"date":"2025-07-14T15:14:34","date_gmt":"2025-07-14T12:14:34","guid":{"rendered":"https:\/\/demo8.ecube.lv\/sezona.lv\/products\/wilson-volejbola-bumba-avp-replica-pink\/"},"modified":"2025-07-14T15:14:34","modified_gmt":"2025-07-14T12:14:34","slug":"wilson-volejbola-bumba-avp-replica-pink","status":"publish","type":"product","link":"https:\/\/sezona.lv\/en\/products\/wilson-volejbola-bumba-avp-replica-pink\/","title":{"rendered":"Wilson Volejbola bumba AVP REPLICA PINK"},"content":{"rendered":"<p>AVP Replica PINK ir ofici\u0101l\u0101s&nbsp; AVP profesion\u0101las volejbola bumbas kopija no kompoz\u012bt \u0101das.<\/p>\n<p>&Scaron;\u016bta uz ma&scaron;\u012bnas no 18 pane\u013ciem.<\/p>\n","protected":false},"excerpt":{"rendered":"<p>AVP Replica PINK ir ofici\u0101l\u0101s&nbsp; AVP profesion\u0101las volejbola bumbas kopija no kompoz\u012bt \u0101das. &Scaron;\u016bta uz ma&scaron;\u012bnas no 18 pane\u013ciem.<\/p>\n","protected":false},"featured_media":0,"template":"","meta":[],"product_brand":[920],"product_cat":[4587,4602,4669,4670],"product_tag":[],"class_list":{"0":"post-77885","1":"product","2":"type-product","3":"status-publish","5":"product_brand-wilson","6":"product_cat-sports","7":"product_cat-summer-sports-sports","8":"product_cat-volleyball-summer-sports-sports","9":"product_cat-volley-balls-volleyball-summer-sports-sports","11":"first","12":"instock","13":"shipping-taxable","14":"purchasable","15":"product-type-simple"},"_links":{"self":[{"href":"https:\/\/sezona.lv\/en\/wp-json\/wp\/v2\/product\/77885","targetHints":{"allow":["GET"]}}],"collection":[{"href":"https:\/\/sezona.lv\/en\/wp-json\/wp\/v2\/product"}],"about":[{"href":"https:\/\/sezona.lv\/en\/wp-json\/wp\/v2\/types\/product"}],"wp:attachment":[{"href":"https:\/\/sezona.lv\/en\/wp-json\/wp\/v2\/media?parent=77885"}],"wp:term":[{"taxonomy":"product_brand","embeddable":true,"href":"https:\/\/sezona.lv\/en\/wp-json\/wp\/v2\/product_brand?post=77885"},{"taxonomy":"product_cat","embeddable":true,"href":"https:\/\/sezona.lv\/en\/wp-json\/wp\/v2\/product_cat?post=77885"},{"taxonomy":"product_tag","embeddable":true,"href":"https:\/\/sezona.lv\/en\/wp-json\/wp\/v2\/product_tag?post=77885"}],"curies":[{"name":"wp","href":"https:\/\/api.w.org\/{rel}","templated":true}]}}