{"id":77886,"date":"2025-07-11T16:24:16","date_gmt":"2025-07-11T13:24:16","guid":{"rendered":"https:\/\/demo8.ecube.lv\/sezona.lv\/products\/wilson-strike-badmintona-rakete\/"},"modified":"2025-07-14T15:14:35","modified_gmt":"2025-07-14T12:14:35","slug":"wilson-strike-badmintona-rakete","status":"publish","type":"product","link":"https:\/\/sezona.lv\/en\/products\/wilson-strike-badmintona-rakete\/","title":{"rendered":"Wilson STRIKE badmintona rakete"},"content":{"rendered":"<p><span>Raketes garums (mm) 665&nbsp;<\/span><br \/><span>Elast\u012bgums Ultra stiff&nbsp;<\/span><br \/><span>Svars bez st\u012bg\u0101m (g)\t98&nbsp;<\/span><br \/><span>Balanss bez st\u012bg\u0101m (cm) HL&nbsp;<\/span><br \/><span>Ar \u010deholu&nbsp;<\/span><br \/><span>Gads 2016&nbsp;<\/span><\/p>\n<p><span>Garantija 2 gadi&nbsp;<\/span><\/p>\n","protected":false},"excerpt":{"rendered":"<p>Raketes garums (mm) 665&nbsp;Elast\u012bgums Ultra stiff&nbsp;Svars bez st\u012bg\u0101m (g) 98&nbsp;Balanss bez st\u012bg\u0101m (cm) HL&nbsp;Ar \u010deholu&nbsp;Gads 2016&nbsp; Garantija 2 gadi&nbsp;<\/p>\n","protected":false},"featured_media":68551,"template":"","meta":[],"product_brand":[920],"product_cat":[4602,4980],"product_tag":[],"class_list":{"0":"post-77886","1":"product","2":"type-product","3":"status-publish","4":"has-post-thumbnail","6":"product_brand-wilson","7":"product_cat-summer-sports-sports","8":"product_cat-badminton-summer-sports-sports","10":"first","11":"instock","12":"shipping-taxable","13":"purchasable","14":"product-type-simple"},"_links":{"self":[{"href":"https:\/\/sezona.lv\/en\/wp-json\/wp\/v2\/product\/77886","targetHints":{"allow":["GET"]}}],"collection":[{"href":"https:\/\/sezona.lv\/en\/wp-json\/wp\/v2\/product"}],"about":[{"href":"https:\/\/sezona.lv\/en\/wp-json\/wp\/v2\/types\/product"}],"wp:featuredmedia":[{"embeddable":true,"href":"https:\/\/sezona.lv\/en\/wp-json\/wp\/v2\/media\/68551"}],"wp:attachment":[{"href":"https:\/\/sezona.lv\/en\/wp-json\/wp\/v2\/media?parent=77886"}],"wp:term":[{"taxonomy":"product_brand","embeddable":true,"href":"https:\/\/sezona.lv\/en\/wp-json\/wp\/v2\/product_brand?post=77886"},{"taxonomy":"product_cat","embeddable":true,"href":"https:\/\/sezona.lv\/en\/wp-json\/wp\/v2\/product_cat?post=77886"},{"taxonomy":"product_tag","embeddable":true,"href":"https:\/\/sezona.lv\/en\/wp-json\/wp\/v2\/product_tag?post=77886"}],"curies":[{"name":"wp","href":"https:\/\/api.w.org\/{rel}","templated":true}]}}