{"id":77888,"date":"2025-07-11T16:24:18","date_gmt":"2025-07-11T13:24:18","guid":{"rendered":"https:\/\/demo8.ecube.lv\/sezona.lv\/products\/wilson-championship-club-grade-neilona-volani\/"},"modified":"2025-07-14T15:14:37","modified_gmt":"2025-07-14T12:14:37","slug":"wilson-championship-club-grade-neilona-volani","status":"publish","type":"product","link":"https:\/\/sezona.lv\/en\/products\/wilson-championship-club-grade-neilona-volani\/","title":{"rendered":"Wilson Championship Club Grade neilona vol\u0101ni"},"content":{"rendered":"<p><span>Neilona vol\u0101ni , 3 gab. Iepakojum\u0101, \u0100trumi: Vid\u0113jie &laquo;M&raquo; Kr\u0101sa: balti, dzelteni; \u0100trie&#8221;F&#8221;: dzelteni<\/span><\/p>\n","protected":false},"excerpt":{"rendered":"<p>Neilona vol\u0101ni , 3 gab. Iepakojum\u0101, \u0100trumi: Vid\u0113jie &laquo;M&raquo; Kr\u0101sa: balti, dzelteni; \u0100trie&#8221;F&#8221;: dzelteni<\/p>\n","protected":false},"featured_media":68557,"template":"","meta":[],"product_brand":[920],"product_cat":[4602,4980],"product_tag":[],"class_list":{"0":"post-77888","1":"product","2":"type-product","3":"status-publish","4":"has-post-thumbnail","6":"product_brand-wilson","7":"product_cat-summer-sports-sports","8":"product_cat-badminton-summer-sports-sports","10":"first","11":"instock","12":"shipping-taxable","13":"purchasable","14":"product-type-simple"},"_links":{"self":[{"href":"https:\/\/sezona.lv\/en\/wp-json\/wp\/v2\/product\/77888","targetHints":{"allow":["GET"]}}],"collection":[{"href":"https:\/\/sezona.lv\/en\/wp-json\/wp\/v2\/product"}],"about":[{"href":"https:\/\/sezona.lv\/en\/wp-json\/wp\/v2\/types\/product"}],"wp:featuredmedia":[{"embeddable":true,"href":"https:\/\/sezona.lv\/en\/wp-json\/wp\/v2\/media\/68557"}],"wp:attachment":[{"href":"https:\/\/sezona.lv\/en\/wp-json\/wp\/v2\/media?parent=77888"}],"wp:term":[{"taxonomy":"product_brand","embeddable":true,"href":"https:\/\/sezona.lv\/en\/wp-json\/wp\/v2\/product_brand?post=77888"},{"taxonomy":"product_cat","embeddable":true,"href":"https:\/\/sezona.lv\/en\/wp-json\/wp\/v2\/product_cat?post=77888"},{"taxonomy":"product_tag","embeddable":true,"href":"https:\/\/sezona.lv\/en\/wp-json\/wp\/v2\/product_tag?post=77888"}],"curies":[{"name":"wp","href":"https:\/\/api.w.org\/{rel}","templated":true}]}}