{"id":77889,"date":"2025-07-11T16:24:20","date_gmt":"2025-07-11T13:24:20","guid":{"rendered":"https:\/\/demo8.ecube.lv\/sezona.lv\/products\/wilson-dropshot-neilona-volani\/"},"modified":"2025-07-14T15:14:39","modified_gmt":"2025-07-14T12:14:39","slug":"wilson-dropshot-neilona-volani","status":"publish","type":"product","link":"https:\/\/sezona.lv\/en\/products\/wilson-dropshot-neilona-volani\/","title":{"rendered":"Wilson DROPSHOT neilona vol\u0101ni"},"content":{"rendered":"<p>Neilona vol\u0101ni, 3 gab. iepakojum\u0101<\/p>\n<p>Kr\u0101sas:<\/p>\n<ul>\n<li>Balta &#8211; kods (WRT6048WH)<\/li>\n<li>Dzeltena &#8211; kods (WRT6048YE)<\/li>\n<\/ul>\n","protected":false},"excerpt":{"rendered":"<p>Neilona vol\u0101ni, 3 gab. iepakojum\u0101 Kr\u0101sas: Balta &#8211; kods (WRT6048WH) Dzeltena &#8211; kods (WRT6048YE)<\/p>\n","protected":false},"featured_media":68560,"template":"","meta":[],"product_brand":[920],"product_cat":[4602,4980],"product_tag":[],"class_list":{"0":"post-77889","1":"product","2":"type-product","3":"status-publish","4":"has-post-thumbnail","6":"product_brand-wilson","7":"product_cat-summer-sports-sports","8":"product_cat-badminton-summer-sports-sports","10":"first","11":"instock","12":"shipping-taxable","13":"purchasable","14":"product-type-simple"},"_links":{"self":[{"href":"https:\/\/sezona.lv\/en\/wp-json\/wp\/v2\/product\/77889","targetHints":{"allow":["GET"]}}],"collection":[{"href":"https:\/\/sezona.lv\/en\/wp-json\/wp\/v2\/product"}],"about":[{"href":"https:\/\/sezona.lv\/en\/wp-json\/wp\/v2\/types\/product"}],"wp:featuredmedia":[{"embeddable":true,"href":"https:\/\/sezona.lv\/en\/wp-json\/wp\/v2\/media\/68560"}],"wp:attachment":[{"href":"https:\/\/sezona.lv\/en\/wp-json\/wp\/v2\/media?parent=77889"}],"wp:term":[{"taxonomy":"product_brand","embeddable":true,"href":"https:\/\/sezona.lv\/en\/wp-json\/wp\/v2\/product_brand?post=77889"},{"taxonomy":"product_cat","embeddable":true,"href":"https:\/\/sezona.lv\/en\/wp-json\/wp\/v2\/product_cat?post=77889"},{"taxonomy":"product_tag","embeddable":true,"href":"https:\/\/sezona.lv\/en\/wp-json\/wp\/v2\/product_tag?post=77889"}],"curies":[{"name":"wp","href":"https:\/\/api.w.org\/{rel}","templated":true}]}}