{"id":77890,"date":"2025-07-11T16:24:21","date_gmt":"2025-07-11T13:24:21","guid":{"rendered":"https:\/\/demo8.ecube.lv\/sezona.lv\/products\/speedminton-s700\/"},"modified":"2025-07-14T15:14:40","modified_gmt":"2025-07-14T12:14:40","slug":"speedminton-s700","status":"publish","type":"product","link":"https:\/\/sezona.lv\/en\/products\/speedminton-s700\/","title":{"rendered":"Speedminton S700"},"content":{"rendered":"<div id=\"tab-description\" class=\"tab-content\">\n<div><strong>Rakete, kas paredz\u0113ta izklaides cien\u012bt\u0101jiem un ies\u0101c\u0113jiem, pirmajai sacens\u012bbu pieredzei.<\/strong><\/div>\n<div>&nbsp;<\/div>\n<div>Alum\u012bnija raket\u0113 ir iestr\u0101d\u0101ta efekt\u012bva Mega Power Zone (MPZ), kas nodro&scaron;ina papildus sp\u0113ku sitienam un \u0101tr\u0101ku sp\u0113li.<\/div>\n<div>&nbsp;<\/div>\n<div><em>Speedminton&reg; S700 rakete ir S200 raketes uzlabot\u0101 versija.<\/em><\/div>\n<div>&nbsp;<\/div>\n<div><strong>R\u0101d\u012bt\u0101ji:<\/strong><\/div>\n<ul>\n<li> Materi\u0101ls: alum\u012bnijs<\/li>\n<li> Svars: 178 grami<\/li>\n<li> Garums: 58 cm<\/li>\n<li> St\u012bgu saspriegums: 12 kp<\/li>\n<li> \u012apa&scaron;\u0101s funkcijas: Mega Power Zone<\/li>\n<\/ul>\n<\/div>\n","protected":false},"excerpt":{"rendered":"<p>Rakete, kas paredz\u0113ta izklaides cien\u012bt\u0101jiem un ies\u0101c\u0113jiem, pirmajai sacens\u012bbu pieredzei. &nbsp; Alum\u012bnija raket\u0113 ir iestr\u0101d\u0101ta efekt\u012bva Mega Power Zone (MPZ), kas nodro&scaron;ina papildus sp\u0113ku sitienam un \u0101tr\u0101ku sp\u0113li. &nbsp; Speedminton&reg; S700 rakete ir S200 raketes uzlabot\u0101 versija. &nbsp; R\u0101d\u012bt\u0101ji: Materi\u0101ls: alum\u012bnijs Svars: 178 grami Garums: 58 cm St\u012bgu saspriegums: 12 kp \u012apa&scaron;\u0101s funkcijas: Mega Power [&hellip;]<\/p>\n","protected":false},"featured_media":68565,"template":"","meta":[],"product_brand":[],"product_cat":[4602,4647,4649],"product_tag":[],"class_list":{"0":"post-77890","1":"product","2":"type-product","3":"status-publish","4":"has-post-thumbnail","6":"product_cat-summer-sports-sports","7":"product_cat-speedminton-summer-sports-sports","8":"product_cat-rackets-speedminton-summer-sports-sports","10":"first","11":"instock","12":"shipping-taxable","13":"purchasable","14":"product-type-simple"},"_links":{"self":[{"href":"https:\/\/sezona.lv\/en\/wp-json\/wp\/v2\/product\/77890","targetHints":{"allow":["GET"]}}],"collection":[{"href":"https:\/\/sezona.lv\/en\/wp-json\/wp\/v2\/product"}],"about":[{"href":"https:\/\/sezona.lv\/en\/wp-json\/wp\/v2\/types\/product"}],"wp:featuredmedia":[{"embeddable":true,"href":"https:\/\/sezona.lv\/en\/wp-json\/wp\/v2\/media\/68565"}],"wp:attachment":[{"href":"https:\/\/sezona.lv\/en\/wp-json\/wp\/v2\/media?parent=77890"}],"wp:term":[{"taxonomy":"product_brand","embeddable":true,"href":"https:\/\/sezona.lv\/en\/wp-json\/wp\/v2\/product_brand?post=77890"},{"taxonomy":"product_cat","embeddable":true,"href":"https:\/\/sezona.lv\/en\/wp-json\/wp\/v2\/product_cat?post=77890"},{"taxonomy":"product_tag","embeddable":true,"href":"https:\/\/sezona.lv\/en\/wp-json\/wp\/v2\/product_tag?post=77890"}],"curies":[{"name":"wp","href":"https:\/\/api.w.org\/{rel}","templated":true}]}}