{"id":77891,"date":"2025-07-11T16:24:22","date_gmt":"2025-07-11T13:24:22","guid":{"rendered":"https:\/\/demo8.ecube.lv\/sezona.lv\/products\/wilson-federer-elite-soma\/"},"modified":"2025-07-14T15:14:40","modified_gmt":"2025-07-14T12:14:40","slug":"wilson-federer-elite-soma","status":"publish","type":"product","link":"https:\/\/sezona.lv\/en\/products\/wilson-federer-elite-soma\/","title":{"rendered":"Wilson Federer Elite soma"},"content":{"rendered":"<p>Soma ar Rogera Federera autogr\u0101fu.<\/p>\n<p>Ietilpst 2x raketes<\/p>\n<p>\u012apa&scaron;s nodal\u012bjums portat\u012bvajam datoram vai plan&scaron;etei<\/p>\n<p>Vair\u0101kas kabatas invent\u0101ram<\/p>\n","protected":false},"excerpt":{"rendered":"<p>Soma ar Rogera Federera autogr\u0101fu. Ietilpst 2x raketes \u012apa&scaron;s nodal\u012bjums portat\u012bvajam datoram vai plan&scaron;etei Vair\u0101kas kabatas invent\u0101ram<\/p>\n","protected":false},"featured_media":68568,"template":"","meta":[],"product_brand":[920],"product_cat":[4602,4673,4777],"product_tag":[],"class_list":{"0":"post-77891","1":"product","2":"type-product","3":"status-publish","4":"has-post-thumbnail","6":"product_brand-wilson","7":"product_cat-summer-sports-sports","8":"product_cat-tennis-summer-sports-sports","9":"product_cat-tennis-racket-bags-tennis-summer-sports-sports","11":"first","12":"instock","13":"shipping-taxable","14":"purchasable","15":"product-type-simple"},"_links":{"self":[{"href":"https:\/\/sezona.lv\/en\/wp-json\/wp\/v2\/product\/77891","targetHints":{"allow":["GET"]}}],"collection":[{"href":"https:\/\/sezona.lv\/en\/wp-json\/wp\/v2\/product"}],"about":[{"href":"https:\/\/sezona.lv\/en\/wp-json\/wp\/v2\/types\/product"}],"wp:featuredmedia":[{"embeddable":true,"href":"https:\/\/sezona.lv\/en\/wp-json\/wp\/v2\/media\/68568"}],"wp:attachment":[{"href":"https:\/\/sezona.lv\/en\/wp-json\/wp\/v2\/media?parent=77891"}],"wp:term":[{"taxonomy":"product_brand","embeddable":true,"href":"https:\/\/sezona.lv\/en\/wp-json\/wp\/v2\/product_brand?post=77891"},{"taxonomy":"product_cat","embeddable":true,"href":"https:\/\/sezona.lv\/en\/wp-json\/wp\/v2\/product_cat?post=77891"},{"taxonomy":"product_tag","embeddable":true,"href":"https:\/\/sezona.lv\/en\/wp-json\/wp\/v2\/product_tag?post=77891"}],"curies":[{"name":"wp","href":"https:\/\/api.w.org\/{rel}","templated":true}]}}