{"id":77892,"date":"2025-07-11T16:24:23","date_gmt":"2025-07-11T13:24:23","guid":{"rendered":"https:\/\/demo8.ecube.lv\/sezona.lv\/products\/wilson-tour-red-9-soma\/"},"modified":"2025-07-14T15:14:41","modified_gmt":"2025-07-14T12:14:41","slug":"wilson-tour-red-9-soma","status":"publish","type":"product","link":"https:\/\/sezona.lv\/en\/products\/wilson-tour-red-9-soma\/","title":{"rendered":"Wilson Tour Red 9 soma"},"content":{"rendered":"<p><span>Sporta soma 9 raket\u0113m no WILSON TOUR RED kolekcijas. 2 lieli nodal\u012bjumi &nbsp;ar MOISTUREGUARD tehnolo\u0123iju, kuri pal\u012bdz aizsarg\u0101t ekip\u0113jumu no temperat\u016bras sv\u0101rst\u012bb\u0101m un mitruma ) , pusciets somas karkass, s\u0101nu kabata, nodal\u012bjums datoram un kabata apaviem. Divas polster\u0113tas regul\u0113jamas siksnas. Izm\u0113rs: 76 x 30.5 x 33 cm<\/span><\/p>\n","protected":false},"excerpt":{"rendered":"<p>Sporta soma 9 raket\u0113m no WILSON TOUR RED kolekcijas. 2 lieli nodal\u012bjumi &nbsp;ar MOISTUREGUARD tehnolo\u0123iju, kuri pal\u012bdz aizsarg\u0101t ekip\u0113jumu no temperat\u016bras sv\u0101rst\u012bb\u0101m un mitruma ) , pusciets somas karkass, s\u0101nu kabata, nodal\u012bjums datoram un kabata apaviem. Divas polster\u0113tas regul\u0113jamas siksnas. Izm\u0113rs: 76 x 30.5 x 33 cm<\/p>\n","protected":false},"featured_media":68571,"template":"","meta":[],"product_brand":[920],"product_cat":[4602,4673,4777],"product_tag":[],"class_list":{"0":"post-77892","1":"product","2":"type-product","3":"status-publish","4":"has-post-thumbnail","6":"product_brand-wilson","7":"product_cat-summer-sports-sports","8":"product_cat-tennis-summer-sports-sports","9":"product_cat-tennis-racket-bags-tennis-summer-sports-sports","11":"first","12":"instock","13":"shipping-taxable","14":"purchasable","15":"product-type-simple"},"_links":{"self":[{"href":"https:\/\/sezona.lv\/en\/wp-json\/wp\/v2\/product\/77892","targetHints":{"allow":["GET"]}}],"collection":[{"href":"https:\/\/sezona.lv\/en\/wp-json\/wp\/v2\/product"}],"about":[{"href":"https:\/\/sezona.lv\/en\/wp-json\/wp\/v2\/types\/product"}],"wp:featuredmedia":[{"embeddable":true,"href":"https:\/\/sezona.lv\/en\/wp-json\/wp\/v2\/media\/68571"}],"wp:attachment":[{"href":"https:\/\/sezona.lv\/en\/wp-json\/wp\/v2\/media?parent=77892"}],"wp:term":[{"taxonomy":"product_brand","embeddable":true,"href":"https:\/\/sezona.lv\/en\/wp-json\/wp\/v2\/product_brand?post=77892"},{"taxonomy":"product_cat","embeddable":true,"href":"https:\/\/sezona.lv\/en\/wp-json\/wp\/v2\/product_cat?post=77892"},{"taxonomy":"product_tag","embeddable":true,"href":"https:\/\/sezona.lv\/en\/wp-json\/wp\/v2\/product_tag?post=77892"}],"curies":[{"name":"wp","href":"https:\/\/api.w.org\/{rel}","templated":true}]}}