{"id":77893,"date":"2025-07-11T16:24:24","date_gmt":"2025-07-11T13:24:24","guid":{"rendered":"https:\/\/demo8.ecube.lv\/sezona.lv\/products\/wilson-tour-red-soma\/"},"modified":"2025-07-14T15:14:42","modified_gmt":"2025-07-14T12:14:42","slug":"wilson-tour-red-soma","status":"publish","type":"product","link":"https:\/\/sezona.lv\/en\/products\/wilson-tour-red-soma\/","title":{"rendered":"Wilson Tour Red soma"},"content":{"rendered":"<div class=\"std\">Sporta mugursoma no WILSON TOUR RED kolekcijas, 2 raket\u0113m. Liels nodal\u012bjums ekip\u0113jumam un apaviem.<\/div>\n<div class=\"std\">Speci\u0101ls nodal\u012bjums portat\u012bvajam vai plan&scaron;etdatoram un lielas kabatas aksesu\u0101ru glab\u0101&scaron;anai.<\/div>\n<div class=\"std\">Izm\u0113rs: 30.5 x 15.25 x 45.72 cm.<\/div>\n","protected":false},"excerpt":{"rendered":"<p>Sporta mugursoma no WILSON TOUR RED kolekcijas, 2 raket\u0113m. Liels nodal\u012bjums ekip\u0113jumam un apaviem. Speci\u0101ls nodal\u012bjums portat\u012bvajam vai plan&scaron;etdatoram un lielas kabatas aksesu\u0101ru glab\u0101&scaron;anai. Izm\u0113rs: 30.5 x 15.25 x 45.72 cm.<\/p>\n","protected":false},"featured_media":68574,"template":"","meta":[],"product_brand":[920],"product_cat":[4602,4673,4777],"product_tag":[],"class_list":{"0":"post-77893","1":"product","2":"type-product","3":"status-publish","4":"has-post-thumbnail","6":"product_brand-wilson","7":"product_cat-summer-sports-sports","8":"product_cat-tennis-summer-sports-sports","9":"product_cat-tennis-racket-bags-tennis-summer-sports-sports","11":"first","12":"instock","13":"shipping-taxable","14":"purchasable","15":"product-type-simple"},"_links":{"self":[{"href":"https:\/\/sezona.lv\/en\/wp-json\/wp\/v2\/product\/77893","targetHints":{"allow":["GET"]}}],"collection":[{"href":"https:\/\/sezona.lv\/en\/wp-json\/wp\/v2\/product"}],"about":[{"href":"https:\/\/sezona.lv\/en\/wp-json\/wp\/v2\/types\/product"}],"wp:featuredmedia":[{"embeddable":true,"href":"https:\/\/sezona.lv\/en\/wp-json\/wp\/v2\/media\/68574"}],"wp:attachment":[{"href":"https:\/\/sezona.lv\/en\/wp-json\/wp\/v2\/media?parent=77893"}],"wp:term":[{"taxonomy":"product_brand","embeddable":true,"href":"https:\/\/sezona.lv\/en\/wp-json\/wp\/v2\/product_brand?post=77893"},{"taxonomy":"product_cat","embeddable":true,"href":"https:\/\/sezona.lv\/en\/wp-json\/wp\/v2\/product_cat?post=77893"},{"taxonomy":"product_tag","embeddable":true,"href":"https:\/\/sezona.lv\/en\/wp-json\/wp\/v2\/product_tag?post=77893"}],"curies":[{"name":"wp","href":"https:\/\/api.w.org\/{rel}","templated":true}]}}