{"id":77894,"date":"2025-07-11T16:24:25","date_gmt":"2025-07-11T13:24:25","guid":{"rendered":"https:\/\/demo8.ecube.lv\/sezona.lv\/products\/wilson-tour-blue-15-soma\/"},"modified":"2025-07-14T15:14:43","modified_gmt":"2025-07-14T12:14:43","slug":"wilson-tour-blue-15-soma","status":"publish","type":"product","link":"https:\/\/sezona.lv\/en\/products\/wilson-tour-blue-15-soma\/","title":{"rendered":"Wilson Tour Blue 15 soma"},"content":{"rendered":"<div class=\"std\">Sporta soma no WILSON TOUR BLUE kolekcijas 9 raket\u0113m, ar 2 lieliem nodal\u012bjumiem, sporta ekip\u0113jumam.<\/div>\n<div class=\"std\">Ar MOISTUREGUARD tehnolo\u0123iju, kas pal\u012bdz aizsarg\u0101t ekip\u0113jumu no temperat\u016bras sv\u0101rst\u012bb\u0101m un mitruma.<\/div>\n<div class=\"std\">Nodal\u012bjums datoram. Divas regul\u0113jamas siksnas ( k\u0101 mugursomai).&nbsp;<br \/>Izm\u0113rs: 76 x 30 x 33cm&nbsp;<\/div>\n","protected":false},"excerpt":{"rendered":"<p>Sporta soma no WILSON TOUR BLUE kolekcijas 9 raket\u0113m, ar 2 lieliem nodal\u012bjumiem, sporta ekip\u0113jumam. Ar MOISTUREGUARD tehnolo\u0123iju, kas pal\u012bdz aizsarg\u0101t ekip\u0113jumu no temperat\u016bras sv\u0101rst\u012bb\u0101m un mitruma. Nodal\u012bjums datoram. Divas regul\u0113jamas siksnas ( k\u0101 mugursomai).&nbsp;Izm\u0113rs: 76 x 30 x 33cm&nbsp;<\/p>\n","protected":false},"featured_media":68577,"template":"","meta":[],"product_brand":[920],"product_cat":[4602,4673,4777],"product_tag":[],"class_list":{"0":"post-77894","1":"product","2":"type-product","3":"status-publish","4":"has-post-thumbnail","6":"product_brand-wilson","7":"product_cat-summer-sports-sports","8":"product_cat-tennis-summer-sports-sports","9":"product_cat-tennis-racket-bags-tennis-summer-sports-sports","11":"first","12":"instock","13":"shipping-taxable","14":"purchasable","15":"product-type-simple"},"_links":{"self":[{"href":"https:\/\/sezona.lv\/en\/wp-json\/wp\/v2\/product\/77894","targetHints":{"allow":["GET"]}}],"collection":[{"href":"https:\/\/sezona.lv\/en\/wp-json\/wp\/v2\/product"}],"about":[{"href":"https:\/\/sezona.lv\/en\/wp-json\/wp\/v2\/types\/product"}],"wp:featuredmedia":[{"embeddable":true,"href":"https:\/\/sezona.lv\/en\/wp-json\/wp\/v2\/media\/68577"}],"wp:attachment":[{"href":"https:\/\/sezona.lv\/en\/wp-json\/wp\/v2\/media?parent=77894"}],"wp:term":[{"taxonomy":"product_brand","embeddable":true,"href":"https:\/\/sezona.lv\/en\/wp-json\/wp\/v2\/product_brand?post=77894"},{"taxonomy":"product_cat","embeddable":true,"href":"https:\/\/sezona.lv\/en\/wp-json\/wp\/v2\/product_cat?post=77894"},{"taxonomy":"product_tag","embeddable":true,"href":"https:\/\/sezona.lv\/en\/wp-json\/wp\/v2\/product_tag?post=77894"}],"curies":[{"name":"wp","href":"https:\/\/api.w.org\/{rel}","templated":true}]}}