{"id":77895,"date":"2025-07-11T16:24:27","date_gmt":"2025-07-11T13:24:27","guid":{"rendered":"https:\/\/demo8.ecube.lv\/sezona.lv\/products\/wilson-burn-team-12-soma\/"},"modified":"2025-07-14T15:14:44","modified_gmt":"2025-07-14T12:14:44","slug":"wilson-burn-team-12-soma","status":"publish","type":"product","link":"https:\/\/sezona.lv\/en\/products\/wilson-burn-team-12-soma\/","title":{"rendered":"Wilson Burn Team 12 Soma"},"content":{"rendered":"<p>Sporta soma no Wilson Burn Team kolekcijas ar 3 lieliem nodal\u012bjumiem sporta apaviem un ekip\u0113jumam divas regul\u0113jamas siksnas \u0113rtai p\u0101rn\u0113s\u0101&scaron;anai (k\u0101 mugursomu)&nbsp;<\/p>\n<p>Izm\u0113rs: 76x35x33 cm<\/p>\n","protected":false},"excerpt":{"rendered":"<p>Sporta soma no Wilson Burn Team kolekcijas ar 3 lieliem nodal\u012bjumiem sporta apaviem un ekip\u0113jumam divas regul\u0113jamas siksnas \u0113rtai p\u0101rn\u0113s\u0101&scaron;anai (k\u0101 mugursomu)&nbsp; Izm\u0113rs: 76x35x33 cm<\/p>\n","protected":false},"featured_media":68580,"template":"","meta":[],"product_brand":[920],"product_cat":[4602,4673,4777],"product_tag":[],"class_list":{"0":"post-77895","1":"product","2":"type-product","3":"status-publish","4":"has-post-thumbnail","6":"product_brand-wilson","7":"product_cat-summer-sports-sports","8":"product_cat-tennis-summer-sports-sports","9":"product_cat-tennis-racket-bags-tennis-summer-sports-sports","11":"first","12":"instock","13":"shipping-taxable","14":"purchasable","15":"product-type-simple"},"_links":{"self":[{"href":"https:\/\/sezona.lv\/en\/wp-json\/wp\/v2\/product\/77895","targetHints":{"allow":["GET"]}}],"collection":[{"href":"https:\/\/sezona.lv\/en\/wp-json\/wp\/v2\/product"}],"about":[{"href":"https:\/\/sezona.lv\/en\/wp-json\/wp\/v2\/types\/product"}],"wp:featuredmedia":[{"embeddable":true,"href":"https:\/\/sezona.lv\/en\/wp-json\/wp\/v2\/media\/68580"}],"wp:attachment":[{"href":"https:\/\/sezona.lv\/en\/wp-json\/wp\/v2\/media?parent=77895"}],"wp:term":[{"taxonomy":"product_brand","embeddable":true,"href":"https:\/\/sezona.lv\/en\/wp-json\/wp\/v2\/product_brand?post=77895"},{"taxonomy":"product_cat","embeddable":true,"href":"https:\/\/sezona.lv\/en\/wp-json\/wp\/v2\/product_cat?post=77895"},{"taxonomy":"product_tag","embeddable":true,"href":"https:\/\/sezona.lv\/en\/wp-json\/wp\/v2\/product_tag?post=77895"}],"curies":[{"name":"wp","href":"https:\/\/api.w.org\/{rel}","templated":true}]}}