{"id":77896,"date":"2025-07-11T16:24:28","date_gmt":"2025-07-11T13:24:28","guid":{"rendered":"https:\/\/demo8.ecube.lv\/sezona.lv\/products\/wilson-federer-team-15-tenisa-rakesu-soma\/"},"modified":"2025-07-14T15:14:45","modified_gmt":"2025-07-14T12:14:45","slug":"wilson-federer-team-15-tenisa-rakesu-soma","status":"publish","type":"product","link":"https:\/\/sezona.lv\/en\/products\/wilson-federer-team-15-tenisa-rakesu-soma\/","title":{"rendered":"Wilson FEDERER TEAM 15 tenisa rake\u0161u soma"},"content":{"rendered":"<p>&nbsp;<\/p>\n<div class=\"ma-main-container col2-right-layout\">\n<div class=\"container\">\n<div class=\"main\">\n<div class=\"main-inner\">\n<div class=\"row\">\n<div class=\"col-main col-xs-12 col-sm-9\">\n<div class=\"product-view\">\n<div class=\"product-essential\">\n<div class=\"row\">\n<div class=\"product-shop col-sm-7 col-md-87 col-sms-8 col-smb-12\">\n<div class=\"short-description\">\n<div class=\"std\">Wilson tenisa rake&scaron;u soma 12 raket\u0113m FEDERER TEAM 15 WRZ 833612<\/p>\n<p>Sporta soma 12 raket\u0113m no FEDERER TEAM 15 kolekcijas ar slaven\u0101 tenisista Rogera Federera autogr\u0101fu. Tr\u012bs lieli nodal\u012bjumi raket\u0113m, nodal\u012bjums s\u012bkumiem, divas regul\u0113jamas siksnas, k\u0101 mugursomai. Izm\u0113rs: 75 x 34 x 35 cm.<\/p>\n<p>2016. gada modelis!<\/p><\/div>\n<\/div>\n<\/div>\n<\/div>\n<\/div>\n<\/div>\n<\/div>\n<\/div>\n<\/div>\n<\/div>\n<\/div>\n<\/div>\n","protected":false},"excerpt":{"rendered":"<p>&nbsp; Wilson tenisa rake&scaron;u soma 12 raket\u0113m FEDERER TEAM 15 WRZ 833612 Sporta soma 12 raket\u0113m no FEDERER TEAM 15 kolekcijas ar slaven\u0101 tenisista Rogera Federera autogr\u0101fu. Tr\u012bs lieli nodal\u012bjumi raket\u0113m, nodal\u012bjums s\u012bkumiem, divas regul\u0113jamas siksnas, k\u0101 mugursomai. Izm\u0113rs: 75 x 34 x 35 cm. 2016. gada modelis!<\/p>\n","protected":false},"featured_media":68583,"template":"","meta":[],"product_brand":[920],"product_cat":[4602,4673,4777],"product_tag":[],"class_list":{"0":"post-77896","1":"product","2":"type-product","3":"status-publish","4":"has-post-thumbnail","6":"product_brand-wilson","7":"product_cat-summer-sports-sports","8":"product_cat-tennis-summer-sports-sports","9":"product_cat-tennis-racket-bags-tennis-summer-sports-sports","11":"first","12":"instock","13":"shipping-taxable","14":"purchasable","15":"product-type-simple"},"_links":{"self":[{"href":"https:\/\/sezona.lv\/en\/wp-json\/wp\/v2\/product\/77896","targetHints":{"allow":["GET"]}}],"collection":[{"href":"https:\/\/sezona.lv\/en\/wp-json\/wp\/v2\/product"}],"about":[{"href":"https:\/\/sezona.lv\/en\/wp-json\/wp\/v2\/types\/product"}],"wp:featuredmedia":[{"embeddable":true,"href":"https:\/\/sezona.lv\/en\/wp-json\/wp\/v2\/media\/68583"}],"wp:attachment":[{"href":"https:\/\/sezona.lv\/en\/wp-json\/wp\/v2\/media?parent=77896"}],"wp:term":[{"taxonomy":"product_brand","embeddable":true,"href":"https:\/\/sezona.lv\/en\/wp-json\/wp\/v2\/product_brand?post=77896"},{"taxonomy":"product_cat","embeddable":true,"href":"https:\/\/sezona.lv\/en\/wp-json\/wp\/v2\/product_cat?post=77896"},{"taxonomy":"product_tag","embeddable":true,"href":"https:\/\/sezona.lv\/en\/wp-json\/wp\/v2\/product_tag?post=77896"}],"curies":[{"name":"wp","href":"https:\/\/api.w.org\/{rel}","templated":true}]}}