{"id":77897,"date":"2025-07-11T16:24:29","date_gmt":"2025-07-11T13:24:29","guid":{"rendered":"https:\/\/demo8.ecube.lv\/sezona.lv\/products\/wilson-federer-team-15-soma-6-raketem\/"},"modified":"2025-07-14T15:14:46","modified_gmt":"2025-07-14T12:14:46","slug":"wilson-federer-team-15-soma-6-raketem","status":"publish","type":"product","link":"https:\/\/sezona.lv\/en\/products\/wilson-federer-team-15-soma-6-raketem\/","title":{"rendered":"Wilson FEDERER TEAM 15 soma 6 raket\u0113m"},"content":{"rendered":"<p><span>Sporta soma 6 raket\u0113m no FEDERER TEAM 15 kolekcijas ar slaven\u0101 tenisista Rogera Federera autogr\u0101fu. Divi lieli nodal\u012bjumi raket\u0113m, nodal\u012bjums s\u012bkumiem, divas regul\u0113jamas siksnas, k\u0101 mugursomai. Izm\u0113rs: 76x 28x 32 cm.<\/span><\/p>\n","protected":false},"excerpt":{"rendered":"<p>Sporta soma 6 raket\u0113m no FEDERER TEAM 15 kolekcijas ar slaven\u0101 tenisista Rogera Federera autogr\u0101fu. Divi lieli nodal\u012bjumi raket\u0113m, nodal\u012bjums s\u012bkumiem, divas regul\u0113jamas siksnas, k\u0101 mugursomai. Izm\u0113rs: 76x 28x 32 cm.<\/p>\n","protected":false},"featured_media":68586,"template":"","meta":[],"product_brand":[920],"product_cat":[4602,4673,4777],"product_tag":[],"class_list":{"0":"post-77897","1":"product","2":"type-product","3":"status-publish","4":"has-post-thumbnail","6":"product_brand-wilson","7":"product_cat-summer-sports-sports","8":"product_cat-tennis-summer-sports-sports","9":"product_cat-tennis-racket-bags-tennis-summer-sports-sports","11":"first","12":"instock","13":"shipping-taxable","14":"purchasable","15":"product-type-simple"},"_links":{"self":[{"href":"https:\/\/sezona.lv\/en\/wp-json\/wp\/v2\/product\/77897","targetHints":{"allow":["GET"]}}],"collection":[{"href":"https:\/\/sezona.lv\/en\/wp-json\/wp\/v2\/product"}],"about":[{"href":"https:\/\/sezona.lv\/en\/wp-json\/wp\/v2\/types\/product"}],"wp:featuredmedia":[{"embeddable":true,"href":"https:\/\/sezona.lv\/en\/wp-json\/wp\/v2\/media\/68586"}],"wp:attachment":[{"href":"https:\/\/sezona.lv\/en\/wp-json\/wp\/v2\/media?parent=77897"}],"wp:term":[{"taxonomy":"product_brand","embeddable":true,"href":"https:\/\/sezona.lv\/en\/wp-json\/wp\/v2\/product_brand?post=77897"},{"taxonomy":"product_cat","embeddable":true,"href":"https:\/\/sezona.lv\/en\/wp-json\/wp\/v2\/product_cat?post=77897"},{"taxonomy":"product_tag","embeddable":true,"href":"https:\/\/sezona.lv\/en\/wp-json\/wp\/v2\/product_tag?post=77897"}],"curies":[{"name":"wp","href":"https:\/\/api.w.org\/{rel}","templated":true}]}}