{"id":77898,"date":"2025-07-11T16:24:30","date_gmt":"2025-07-11T13:24:30","guid":{"rendered":"https:\/\/demo8.ecube.lv\/sezona.lv\/products\/wilson-federer-team-15-soma-3-raketem\/"},"modified":"2025-07-14T15:14:47","modified_gmt":"2025-07-14T12:14:47","slug":"wilson-federer-team-15-soma-3-raketem","status":"publish","type":"product","link":"https:\/\/sezona.lv\/en\/products\/wilson-federer-team-15-soma-3-raketem\/","title":{"rendered":"Wilson FEDERER TEAM 15 soma 3 raket\u0113m"},"content":{"rendered":"<p><span>Sporta soma no WILSON FEDERER TEAM 15 kolekcijas 3 raket\u0113m. Liels nodal\u012bjums tenisa raket\u0113m, formai un aksesu\u0101riem, s\u0101nu kabata. &nbsp;Viena polster\u0113ta, regul\u0113jama plecu siksna somas centr\u0101.&nbsp;<\/span><br \/><span>Izm\u0113rs: 76 x 12 x 32cm&nbsp;<\/span><\/p>\n","protected":false},"excerpt":{"rendered":"<p>Sporta soma no WILSON FEDERER TEAM 15 kolekcijas 3 raket\u0113m. Liels nodal\u012bjums tenisa raket\u0113m, formai un aksesu\u0101riem, s\u0101nu kabata. &nbsp;Viena polster\u0113ta, regul\u0113jama plecu siksna somas centr\u0101.&nbsp;Izm\u0113rs: 76 x 12 x 32cm&nbsp;<\/p>\n","protected":false},"featured_media":68589,"template":"","meta":[],"product_brand":[920],"product_cat":[4602,4673,4777],"product_tag":[],"class_list":{"0":"post-77898","1":"product","2":"type-product","3":"status-publish","4":"has-post-thumbnail","6":"product_brand-wilson","7":"product_cat-summer-sports-sports","8":"product_cat-tennis-summer-sports-sports","9":"product_cat-tennis-racket-bags-tennis-summer-sports-sports","11":"first","12":"instock","13":"shipping-taxable","14":"purchasable","15":"product-type-simple"},"_links":{"self":[{"href":"https:\/\/sezona.lv\/en\/wp-json\/wp\/v2\/product\/77898","targetHints":{"allow":["GET"]}}],"collection":[{"href":"https:\/\/sezona.lv\/en\/wp-json\/wp\/v2\/product"}],"about":[{"href":"https:\/\/sezona.lv\/en\/wp-json\/wp\/v2\/types\/product"}],"wp:featuredmedia":[{"embeddable":true,"href":"https:\/\/sezona.lv\/en\/wp-json\/wp\/v2\/media\/68589"}],"wp:attachment":[{"href":"https:\/\/sezona.lv\/en\/wp-json\/wp\/v2\/media?parent=77898"}],"wp:term":[{"taxonomy":"product_brand","embeddable":true,"href":"https:\/\/sezona.lv\/en\/wp-json\/wp\/v2\/product_brand?post=77898"},{"taxonomy":"product_cat","embeddable":true,"href":"https:\/\/sezona.lv\/en\/wp-json\/wp\/v2\/product_cat?post=77898"},{"taxonomy":"product_tag","embeddable":true,"href":"https:\/\/sezona.lv\/en\/wp-json\/wp\/v2\/product_tag?post=77898"}],"curies":[{"name":"wp","href":"https:\/\/api.w.org\/{rel}","templated":true}]}}