{"id":77899,"date":"2025-07-11T16:24:31","date_gmt":"2025-07-11T13:24:31","guid":{"rendered":"https:\/\/demo8.ecube.lv\/sezona.lv\/products\/wilson-federer-team-15-tenisa-rakesu-soma-2-raketem\/"},"modified":"2025-07-14T15:14:48","modified_gmt":"2025-07-14T12:14:48","slug":"wilson-federer-team-15-tenisa-rakesu-soma-2-raketem","status":"publish","type":"product","link":"https:\/\/sezona.lv\/en\/products\/wilson-federer-team-15-tenisa-rakesu-soma-2-raketem\/","title":{"rendered":"Wilson FEDERER TEAM 15 tenisa rake\u0161u soma 2 raket\u0113m"},"content":{"rendered":"<p>&nbsp;<\/p>\n<div class=\"ma-main-container col2-right-layout\">\n<div class=\"container\">\n<div class=\"main\">\n<div class=\"main-inner\">\n<div class=\"row\">\n<div class=\"col-main col-xs-12 col-sm-9\">\n<div class=\"product-view\">\n<div class=\"product-essential\">\n<div class=\"row\">\n<div class=\"product-shop col-sm-7 col-md-87 col-sms-8 col-smb-12\">\n<div class=\"short-description\">\n<div class=\"std\">Wilson tenisa rake&scaron;u soma 2 raket\u0113m FEDERER TEAM 15 WRZ 677693<\/p>\n<p>Sporta soma no FEDERER TEAM 15 kolekcijas 2 raket\u0113m. Liels nodal\u012bjums ekip\u0113jumam un apaviem, nelielas kabatas aksesu\u0101riem. Speci\u0101ls nodal\u012bjums portat\u012bvajam vai plan&scaron;etdatoram. Izm\u0113rs: 77 x 37 x 31 cm.<\/p>\n<p>2016. gada modelis!<\/p><\/div>\n<\/div>\n<\/div>\n<\/div>\n<\/div>\n<\/div>\n<\/div>\n<\/div>\n<\/div>\n<\/div>\n<\/div>\n<\/div>\n","protected":false},"excerpt":{"rendered":"<p>&nbsp; Wilson tenisa rake&scaron;u soma 2 raket\u0113m FEDERER TEAM 15 WRZ 677693 Sporta soma no FEDERER TEAM 15 kolekcijas 2 raket\u0113m. Liels nodal\u012bjums ekip\u0113jumam un apaviem, nelielas kabatas aksesu\u0101riem. Speci\u0101ls nodal\u012bjums portat\u012bvajam vai plan&scaron;etdatoram. Izm\u0113rs: 77 x 37 x 31 cm. 2016. gada modelis!<\/p>\n","protected":false},"featured_media":68592,"template":"","meta":[],"product_brand":[920],"product_cat":[4602,4673,4777],"product_tag":[],"class_list":{"0":"post-77899","1":"product","2":"type-product","3":"status-publish","4":"has-post-thumbnail","6":"product_brand-wilson","7":"product_cat-summer-sports-sports","8":"product_cat-tennis-summer-sports-sports","9":"product_cat-tennis-racket-bags-tennis-summer-sports-sports","11":"first","12":"instock","13":"shipping-taxable","14":"purchasable","15":"product-type-simple"},"_links":{"self":[{"href":"https:\/\/sezona.lv\/en\/wp-json\/wp\/v2\/product\/77899","targetHints":{"allow":["GET"]}}],"collection":[{"href":"https:\/\/sezona.lv\/en\/wp-json\/wp\/v2\/product"}],"about":[{"href":"https:\/\/sezona.lv\/en\/wp-json\/wp\/v2\/types\/product"}],"wp:featuredmedia":[{"embeddable":true,"href":"https:\/\/sezona.lv\/en\/wp-json\/wp\/v2\/media\/68592"}],"wp:attachment":[{"href":"https:\/\/sezona.lv\/en\/wp-json\/wp\/v2\/media?parent=77899"}],"wp:term":[{"taxonomy":"product_brand","embeddable":true,"href":"https:\/\/sezona.lv\/en\/wp-json\/wp\/v2\/product_brand?post=77899"},{"taxonomy":"product_cat","embeddable":true,"href":"https:\/\/sezona.lv\/en\/wp-json\/wp\/v2\/product_cat?post=77899"},{"taxonomy":"product_tag","embeddable":true,"href":"https:\/\/sezona.lv\/en\/wp-json\/wp\/v2\/product_tag?post=77899"}],"curies":[{"name":"wp","href":"https:\/\/api.w.org\/{rel}","templated":true}]}}