{"id":77901,"date":"2025-07-11T16:24:33","date_gmt":"2025-07-11T13:24:33","guid":{"rendered":"https:\/\/demo8.ecube.lv\/sezona.lv\/products\/wilson-team-navy-9-soma\/"},"modified":"2025-07-14T15:14:50","modified_gmt":"2025-07-14T12:14:50","slug":"wilson-team-navy-9-soma","status":"publish","type":"product","link":"https:\/\/sezona.lv\/en\/products\/wilson-team-navy-9-soma\/","title":{"rendered":"Wilson Team Navy 9 Soma"},"content":{"rendered":"<p><span>Sporta soma no WILSON TEAM NAVY kolekcijas ar 2 lieliem nodal\u012bjumiem sporta ekip\u0113jumam un 9 raket\u0113m, un atsevi&scaron;\u0137u nodal\u012bjumu apaviem. Nelielas kabatas aksesu\u0101riem. Divas regul\u0113jamas siksnas ( k\u0101 mugursomai).<\/span><br \/><span>Izm\u0113rs: 76 x 25 x31.75cm<\/span><\/p>\n","protected":false},"excerpt":{"rendered":"<p>Sporta soma no WILSON TEAM NAVY kolekcijas ar 2 lieliem nodal\u012bjumiem sporta ekip\u0113jumam un 9 raket\u0113m, un atsevi&scaron;\u0137u nodal\u012bjumu apaviem. Nelielas kabatas aksesu\u0101riem. Divas regul\u0113jamas siksnas ( k\u0101 mugursomai).Izm\u0113rs: 76 x 25 x31.75cm<\/p>\n","protected":false},"featured_media":68598,"template":"","meta":[],"product_brand":[920],"product_cat":[4602,4673,4777],"product_tag":[],"class_list":{"0":"post-77901","1":"product","2":"type-product","3":"status-publish","4":"has-post-thumbnail","6":"product_brand-wilson","7":"product_cat-summer-sports-sports","8":"product_cat-tennis-summer-sports-sports","9":"product_cat-tennis-racket-bags-tennis-summer-sports-sports","11":"first","12":"instock","13":"shipping-taxable","14":"purchasable","15":"product-type-simple"},"_links":{"self":[{"href":"https:\/\/sezona.lv\/en\/wp-json\/wp\/v2\/product\/77901","targetHints":{"allow":["GET"]}}],"collection":[{"href":"https:\/\/sezona.lv\/en\/wp-json\/wp\/v2\/product"}],"about":[{"href":"https:\/\/sezona.lv\/en\/wp-json\/wp\/v2\/types\/product"}],"wp:featuredmedia":[{"embeddable":true,"href":"https:\/\/sezona.lv\/en\/wp-json\/wp\/v2\/media\/68598"}],"wp:attachment":[{"href":"https:\/\/sezona.lv\/en\/wp-json\/wp\/v2\/media?parent=77901"}],"wp:term":[{"taxonomy":"product_brand","embeddable":true,"href":"https:\/\/sezona.lv\/en\/wp-json\/wp\/v2\/product_brand?post=77901"},{"taxonomy":"product_cat","embeddable":true,"href":"https:\/\/sezona.lv\/en\/wp-json\/wp\/v2\/product_cat?post=77901"},{"taxonomy":"product_tag","embeddable":true,"href":"https:\/\/sezona.lv\/en\/wp-json\/wp\/v2\/product_tag?post=77901"}],"curies":[{"name":"wp","href":"https:\/\/api.w.org\/{rel}","templated":true}]}}