{"id":77902,"date":"2025-07-11T16:24:34","date_gmt":"2025-07-11T13:24:34","guid":{"rendered":"https:\/\/demo8.ecube.lv\/sezona.lv\/products\/wilson-agency-sporta-soma\/"},"modified":"2025-07-14T15:14:51","modified_gmt":"2025-07-14T12:14:51","slug":"wilson-agency-sporta-soma","status":"publish","type":"product","link":"https:\/\/sezona.lv\/en\/products\/wilson-agency-sporta-soma\/","title":{"rendered":"Wilson AGENCY sporta soma"},"content":{"rendered":"<p>Sporta soma no Wilson Agency kolekcijas. Elegants, praktisks dizains, iztur\u012bgs materi\u0101ls. Liels nodal\u012bjums sporta invent\u0101ram, s\u0101nu kabata un nelielas kabatas aksesu\u0101riem.&nbsp;<\/p>\n<p>Izm\u0113rs: 76x32x34cm&nbsp;<\/p>\n","protected":false},"excerpt":{"rendered":"<p>Sporta soma no Wilson Agency kolekcijas. Elegants, praktisks dizains, iztur\u012bgs materi\u0101ls. Liels nodal\u012bjums sporta invent\u0101ram, s\u0101nu kabata un nelielas kabatas aksesu\u0101riem.&nbsp; Izm\u0113rs: 76x32x34cm&nbsp;<\/p>\n","protected":false},"featured_media":68601,"template":"","meta":[],"product_brand":[920],"product_cat":[4602,4673,4777],"product_tag":[],"class_list":{"0":"post-77902","1":"product","2":"type-product","3":"status-publish","4":"has-post-thumbnail","6":"product_brand-wilson","7":"product_cat-summer-sports-sports","8":"product_cat-tennis-summer-sports-sports","9":"product_cat-tennis-racket-bags-tennis-summer-sports-sports","11":"first","12":"instock","13":"shipping-taxable","14":"purchasable","15":"product-type-simple"},"_links":{"self":[{"href":"https:\/\/sezona.lv\/en\/wp-json\/wp\/v2\/product\/77902","targetHints":{"allow":["GET"]}}],"collection":[{"href":"https:\/\/sezona.lv\/en\/wp-json\/wp\/v2\/product"}],"about":[{"href":"https:\/\/sezona.lv\/en\/wp-json\/wp\/v2\/types\/product"}],"wp:featuredmedia":[{"embeddable":true,"href":"https:\/\/sezona.lv\/en\/wp-json\/wp\/v2\/media\/68601"}],"wp:attachment":[{"href":"https:\/\/sezona.lv\/en\/wp-json\/wp\/v2\/media?parent=77902"}],"wp:term":[{"taxonomy":"product_brand","embeddable":true,"href":"https:\/\/sezona.lv\/en\/wp-json\/wp\/v2\/product_brand?post=77902"},{"taxonomy":"product_cat","embeddable":true,"href":"https:\/\/sezona.lv\/en\/wp-json\/wp\/v2\/product_cat?post=77902"},{"taxonomy":"product_tag","embeddable":true,"href":"https:\/\/sezona.lv\/en\/wp-json\/wp\/v2\/product_tag?post=77902"}],"curies":[{"name":"wp","href":"https:\/\/api.w.org\/{rel}","templated":true}]}}