{"id":77907,"date":"2025-07-11T15:37:59","date_gmt":"2025-07-11T12:37:59","guid":{"rendered":"https:\/\/demo8.ecube.lv\/sezona.lv\/products\/stiga-rakete-tour-ittf-2-concave-2\/"},"modified":"2025-07-14T15:14:55","modified_gmt":"2025-07-14T12:14:55","slug":"stiga-rakete-tour-ittf-2-concave-2","status":"publish","type":"product","link":"https:\/\/sezona.lv\/en\/products\/stiga-rakete-tour-ittf-2-concave-2\/","title":{"rendered":"STIGA rakete Tour ITTF 2* (concave)"},"content":{"rendered":"<p>&nbsp;<\/p>\n<div class=\"ma-main-container col2-right-layout\">\n<div class=\"container\">\n<div class=\"main\">\n<div class=\"main-inner\">\n<div class=\"row\">\n<div class=\"col-main col-xs-12 col-sm-9\">\n<div class=\"product-view\">\n<div class=\"product-essential\">\n<div class=\"row\">\n<div class=\"product-shop col-sm-7 col-md-87 col-sms-8 col-smb-12\">\n<div class=\"short-description\">\n<div class=\"std\">ITTF apstiprin\u0101ta<\/p>\n<p>Parametri:<\/p>\n<p>Kontrole: 86<br \/>\u0100trums: 48<br \/>Grie&scaron;an\u0101s: 33<\/div>\n<\/div>\n<\/div>\n<\/div>\n<\/div>\n<\/div>\n<\/div>\n<\/div>\n<\/div>\n<\/div>\n<\/div>\n<\/div>\n","protected":false},"excerpt":{"rendered":"<p>&nbsp; ITTF apstiprin\u0101ta Parametri: Kontrole: 86\u0100trums: 48Grie&scaron;an\u0101s: 33<\/p>\n","protected":false},"featured_media":60045,"template":"","meta":[],"product_brand":[898],"product_cat":[4602,4635],"product_tag":[],"class_list":{"0":"post-77907","1":"product","2":"type-product","3":"status-publish","4":"has-post-thumbnail","6":"product_brand-stiga","7":"product_cat-summer-sports-sports","8":"product_cat-ping-pong-summer-sports-sports","10":"first","11":"instock","12":"shipping-taxable","13":"purchasable","14":"product-type-simple"},"_links":{"self":[{"href":"https:\/\/sezona.lv\/en\/wp-json\/wp\/v2\/product\/77907","targetHints":{"allow":["GET"]}}],"collection":[{"href":"https:\/\/sezona.lv\/en\/wp-json\/wp\/v2\/product"}],"about":[{"href":"https:\/\/sezona.lv\/en\/wp-json\/wp\/v2\/types\/product"}],"wp:featuredmedia":[{"embeddable":true,"href":"https:\/\/sezona.lv\/en\/wp-json\/wp\/v2\/media\/60045"}],"wp:attachment":[{"href":"https:\/\/sezona.lv\/en\/wp-json\/wp\/v2\/media?parent=77907"}],"wp:term":[{"taxonomy":"product_brand","embeddable":true,"href":"https:\/\/sezona.lv\/en\/wp-json\/wp\/v2\/product_brand?post=77907"},{"taxonomy":"product_cat","embeddable":true,"href":"https:\/\/sezona.lv\/en\/wp-json\/wp\/v2\/product_cat?post=77907"},{"taxonomy":"product_tag","embeddable":true,"href":"https:\/\/sezona.lv\/en\/wp-json\/wp\/v2\/product_tag?post=77907"}],"curies":[{"name":"wp","href":"https:\/\/api.w.org\/{rel}","templated":true}]}}