{"id":77910,"date":"2025-07-11T16:24:42","date_gmt":"2025-07-11T13:24:42","guid":{"rendered":"https:\/\/demo8.ecube.lv\/sezona.lv\/products\/stiga-rakete-flow-spin-green\/"},"modified":"2025-07-14T15:14:58","modified_gmt":"2025-07-14T12:14:58","slug":"stiga-rakete-flow-spin-green","status":"publish","type":"product","link":"https:\/\/sezona.lv\/en\/products\/stiga-rakete-flow-spin-green\/","title":{"rendered":"STIGA rakete Flow Spin, Green"},"content":{"rendered":"<div id=\"specifikacii\" class=\"spec_title\">Specifik\u0101cija<\/div>\n<table border=\"0\" cellspacing=\"0\" cellpadding=\"0\" width=\"100%\">\n<tbody>\n<tr class=\"light\">\n<td width=\"170\">Galda tenisa rakete<\/td>\n<td>Outdoor (sp\u0113lei \u0101rtelp\u0101s)<\/td>\n<\/tr>\n<tr class=\"dark\">\n<td width=\"170\">\u0100trums<\/td>\n<td>45<\/td>\n<\/tr>\n<tr class=\"light\">\n<td width=\"170\">Grie&scaron;anas<\/td>\n<td>45<\/td>\n<\/tr>\n<tr class=\"dark\">\n<td width=\"170\">Kontrole<\/td>\n<td>90<\/td>\n<\/tr>\n<tr class=\"light\">\n<td width=\"170\">Hardness<\/td>\n<td>30&deg;<\/td>\n<\/tr>\n<tr class=\"dark\">\n<td width=\"170\">Handle<\/td>\n<td>Thermoplastic elastomers<\/td>\n<\/tr>\n<tr class=\"light\">\n<td width=\"170\">Blade<\/td>\n<td>Polypropylene and glass fibre<\/td>\n<\/tr>\n<\/tbody>\n<\/table>\n","protected":false},"excerpt":{"rendered":"<p>Specifik\u0101cija Galda tenisa rakete Outdoor (sp\u0113lei \u0101rtelp\u0101s) \u0100trums 45 Grie&scaron;anas 45 Kontrole 90 Hardness 30&deg; Handle Thermoplastic elastomers Blade Polypropylene and glass fibre<\/p>\n","protected":false},"featured_media":68622,"template":"","meta":[],"product_brand":[898],"product_cat":[4602,4635],"product_tag":[],"class_list":{"0":"post-77910","1":"product","2":"type-product","3":"status-publish","4":"has-post-thumbnail","6":"product_brand-stiga","7":"product_cat-summer-sports-sports","8":"product_cat-ping-pong-summer-sports-sports","10":"first","11":"instock","12":"shipping-taxable","13":"purchasable","14":"product-type-simple"},"_links":{"self":[{"href":"https:\/\/sezona.lv\/en\/wp-json\/wp\/v2\/product\/77910","targetHints":{"allow":["GET"]}}],"collection":[{"href":"https:\/\/sezona.lv\/en\/wp-json\/wp\/v2\/product"}],"about":[{"href":"https:\/\/sezona.lv\/en\/wp-json\/wp\/v2\/types\/product"}],"wp:featuredmedia":[{"embeddable":true,"href":"https:\/\/sezona.lv\/en\/wp-json\/wp\/v2\/media\/68622"}],"wp:attachment":[{"href":"https:\/\/sezona.lv\/en\/wp-json\/wp\/v2\/media?parent=77910"}],"wp:term":[{"taxonomy":"product_brand","embeddable":true,"href":"https:\/\/sezona.lv\/en\/wp-json\/wp\/v2\/product_brand?post=77910"},{"taxonomy":"product_cat","embeddable":true,"href":"https:\/\/sezona.lv\/en\/wp-json\/wp\/v2\/product_cat?post=77910"},{"taxonomy":"product_tag","embeddable":true,"href":"https:\/\/sezona.lv\/en\/wp-json\/wp\/v2\/product_tag?post=77910"}],"curies":[{"name":"wp","href":"https:\/\/api.w.org\/{rel}","templated":true}]}}