{"id":77912,"date":"2025-07-11T16:24:48","date_gmt":"2025-07-11T13:24:48","guid":{"rendered":"https:\/\/demo8.ecube.lv\/sezona.lv\/products\/stiga-komplekts-pop-serve-1\/"},"modified":"2025-07-14T15:15:00","modified_gmt":"2025-07-14T12:15:00","slug":"stiga-komplekts-pop-serve-1","status":"publish","type":"product","link":"https:\/\/sezona.lv\/en\/products\/stiga-komplekts-pop-serve-1\/","title":{"rendered":"STIGA komplekts Pop Serve 1*"},"content":{"rendered":"<p>Iek\u013cauts-&nbsp;<\/p>\n<p>1 rakete<\/p>\n<p>3 bumbi\u0146as<\/p>\n<p>\u010cehols<\/p>\n","protected":false},"excerpt":{"rendered":"<p>Iek\u013cauts-&nbsp; 1 rakete 3 bumbi\u0146as \u010cehols<\/p>\n","protected":false},"featured_media":68628,"template":"","meta":[],"product_brand":[898],"product_cat":[4602,4635],"product_tag":[],"class_list":{"0":"post-77912","1":"product","2":"type-product","3":"status-publish","4":"has-post-thumbnail","6":"product_brand-stiga","7":"product_cat-summer-sports-sports","8":"product_cat-ping-pong-summer-sports-sports","10":"first","11":"instock","12":"shipping-taxable","13":"purchasable","14":"product-type-simple"},"_links":{"self":[{"href":"https:\/\/sezona.lv\/en\/wp-json\/wp\/v2\/product\/77912","targetHints":{"allow":["GET"]}}],"collection":[{"href":"https:\/\/sezona.lv\/en\/wp-json\/wp\/v2\/product"}],"about":[{"href":"https:\/\/sezona.lv\/en\/wp-json\/wp\/v2\/types\/product"}],"wp:featuredmedia":[{"embeddable":true,"href":"https:\/\/sezona.lv\/en\/wp-json\/wp\/v2\/media\/68628"}],"wp:attachment":[{"href":"https:\/\/sezona.lv\/en\/wp-json\/wp\/v2\/media?parent=77912"}],"wp:term":[{"taxonomy":"product_brand","embeddable":true,"href":"https:\/\/sezona.lv\/en\/wp-json\/wp\/v2\/product_brand?post=77912"},{"taxonomy":"product_cat","embeddable":true,"href":"https:\/\/sezona.lv\/en\/wp-json\/wp\/v2\/product_cat?post=77912"},{"taxonomy":"product_tag","embeddable":true,"href":"https:\/\/sezona.lv\/en\/wp-json\/wp\/v2\/product_tag?post=77912"}],"curies":[{"name":"wp","href":"https:\/\/api.w.org\/{rel}","templated":true}]}}