{"id":77913,"date":"2025-07-11T16:24:49","date_gmt":"2025-07-11T13:24:49","guid":{"rendered":"https:\/\/demo8.ecube.lv\/sezona.lv\/products\/stiga-premium-extra-net-tiklins\/"},"modified":"2025-07-14T15:15:01","modified_gmt":"2025-07-14T12:15:01","slug":"stiga-premium-extra-net-tiklins","status":"publish","type":"product","link":"https:\/\/sezona.lv\/en\/products\/stiga-premium-extra-net-tiklins\/","title":{"rendered":"STIGA Premium Extra Net \u2013 t\u012bkli\u0146\u0161"},"content":{"rendered":"<p>&#8211; Starptautisk\u0101s Galda Tenisa feder\u0101cijas sac\u012bk&scaron;u t\u012bkls<br \/> &#8211; Augstas kvalit\u0101tes kokvilnas t\u012bkls<br \/> &#8211; Viens no iztur\u012bg\u0101kajiem un elast\u012bg\u0101kajiem Stigas t\u012bkliem<br \/> &#8211; Kr\u0101sa: Zila<\/p>\n<p> Iesaka Starptautisk\u0101 Galda Tenisa feder\u0101cija<\/p>\n","protected":false},"excerpt":{"rendered":"<p>&#8211; Starptautisk\u0101s Galda Tenisa feder\u0101cijas sac\u012bk&scaron;u t\u012bkls &#8211; Augstas kvalit\u0101tes kokvilnas t\u012bkls &#8211; Viens no iztur\u012bg\u0101kajiem un elast\u012bg\u0101kajiem Stigas t\u012bkliem &#8211; Kr\u0101sa: Zila Iesaka Starptautisk\u0101 Galda Tenisa feder\u0101cija<\/p>\n","protected":false},"featured_media":68631,"template":"","meta":[],"product_brand":[898],"product_cat":[4602,4635],"product_tag":[],"class_list":{"0":"post-77913","1":"product","2":"type-product","3":"status-publish","4":"has-post-thumbnail","6":"product_brand-stiga","7":"product_cat-summer-sports-sports","8":"product_cat-ping-pong-summer-sports-sports","10":"first","11":"instock","12":"shipping-taxable","13":"purchasable","14":"product-type-simple"},"_links":{"self":[{"href":"https:\/\/sezona.lv\/en\/wp-json\/wp\/v2\/product\/77913","targetHints":{"allow":["GET"]}}],"collection":[{"href":"https:\/\/sezona.lv\/en\/wp-json\/wp\/v2\/product"}],"about":[{"href":"https:\/\/sezona.lv\/en\/wp-json\/wp\/v2\/types\/product"}],"wp:featuredmedia":[{"embeddable":true,"href":"https:\/\/sezona.lv\/en\/wp-json\/wp\/v2\/media\/68631"}],"wp:attachment":[{"href":"https:\/\/sezona.lv\/en\/wp-json\/wp\/v2\/media?parent=77913"}],"wp:term":[{"taxonomy":"product_brand","embeddable":true,"href":"https:\/\/sezona.lv\/en\/wp-json\/wp\/v2\/product_brand?post=77913"},{"taxonomy":"product_cat","embeddable":true,"href":"https:\/\/sezona.lv\/en\/wp-json\/wp\/v2\/product_cat?post=77913"},{"taxonomy":"product_tag","embeddable":true,"href":"https:\/\/sezona.lv\/en\/wp-json\/wp\/v2\/product_tag?post=77913"}],"curies":[{"name":"wp","href":"https:\/\/api.w.org\/{rel}","templated":true}]}}