{"id":77919,"date":"2025-07-14T15:15:10","date_gmt":"2025-07-14T12:15:10","guid":{"rendered":"https:\/\/demo8.ecube.lv\/sezona.lv\/products\/stiga-cehols-raketem-batwallet-league-melns-oranzs-single\/"},"modified":"2025-07-14T15:15:10","modified_gmt":"2025-07-14T12:15:10","slug":"stiga-cehols-raketem-batwallet-league-melns-oranzs-single","status":"publish","type":"product","link":"https:\/\/sezona.lv\/en\/products\/stiga-cehols-raketem-batwallet-league-melns-oranzs-single\/","title":{"rendered":"STIGA \u010dehols raket\u0113m Batwallet League, melns\/oran\u017es (single)"},"content":{"rendered":"<p>STIGA \u010dehols raket\u0113m Batwallet League, melns\/oran\u017es (single)<\/p>\n","protected":false},"excerpt":{"rendered":"<p>STIGA \u010dehols raket\u0113m Batwallet League, melns\/oran\u017es (single)<\/p>\n","protected":false},"featured_media":0,"template":"","meta":[],"product_brand":[898],"product_cat":[4587,4602,4635],"product_tag":[],"class_list":{"0":"post-77919","1":"product","2":"type-product","3":"status-publish","5":"product_brand-stiga","6":"product_cat-sports","7":"product_cat-summer-sports-sports","8":"product_cat-ping-pong-summer-sports-sports","10":"first","11":"instock","12":"shipping-taxable","13":"purchasable","14":"product-type-simple"},"_links":{"self":[{"href":"https:\/\/sezona.lv\/en\/wp-json\/wp\/v2\/product\/77919","targetHints":{"allow":["GET"]}}],"collection":[{"href":"https:\/\/sezona.lv\/en\/wp-json\/wp\/v2\/product"}],"about":[{"href":"https:\/\/sezona.lv\/en\/wp-json\/wp\/v2\/types\/product"}],"wp:attachment":[{"href":"https:\/\/sezona.lv\/en\/wp-json\/wp\/v2\/media?parent=77919"}],"wp:term":[{"taxonomy":"product_brand","embeddable":true,"href":"https:\/\/sezona.lv\/en\/wp-json\/wp\/v2\/product_brand?post=77919"},{"taxonomy":"product_cat","embeddable":true,"href":"https:\/\/sezona.lv\/en\/wp-json\/wp\/v2\/product_cat?post=77919"},{"taxonomy":"product_tag","embeddable":true,"href":"https:\/\/sezona.lv\/en\/wp-json\/wp\/v2\/product_tag?post=77919"}],"curies":[{"name":"wp","href":"https:\/\/api.w.org\/{rel}","templated":true}]}}