{"id":77921,"date":"2025-07-14T15:15:12","date_gmt":"2025-07-14T12:15:12","guid":{"rendered":"https:\/\/demo8.ecube.lv\/sezona.lv\/products\/stiga-scorer-big-liels-skaititajs-melns\/"},"modified":"2025-07-14T15:15:12","modified_gmt":"2025-07-14T12:15:12","slug":"stiga-scorer-big-liels-skaititajs-melns","status":"publish","type":"product","link":"https:\/\/sezona.lv\/en\/products\/stiga-scorer-big-liels-skaititajs-melns\/","title":{"rendered":"STIGA Scorer big &#8211; liels skait\u012bt\u0101js (melns)"},"content":{"rendered":"<ul>\n<li>Izgatavots no iztur\u012bgas plastmasas<\/li>\n<li>Gredzenu sist\u0113ma<\/li>\n<li>Izm\u0113rs:<\/li>\n<\/ul>\n<ol>\n<li>Platums: 49 cm<\/li>\n<li>Augstums: 29 cm<\/li>\n<li>Dzi\u013cums: 21 cm<\/li>\n<\/ol>\n","protected":false},"excerpt":{"rendered":"<p>Izgatavots no iztur\u012bgas plastmasas Gredzenu sist\u0113ma Izm\u0113rs: Platums: 49 cm Augstums: 29 cm Dzi\u013cums: 21 cm<\/p>\n","protected":false},"featured_media":0,"template":"","meta":[],"product_brand":[898],"product_cat":[4587,4602,4635],"product_tag":[],"class_list":{"0":"post-77921","1":"product","2":"type-product","3":"status-publish","5":"product_brand-stiga","6":"product_cat-sports","7":"product_cat-summer-sports-sports","8":"product_cat-ping-pong-summer-sports-sports","10":"first","11":"instock","12":"shipping-taxable","13":"purchasable","14":"product-type-simple"},"_links":{"self":[{"href":"https:\/\/sezona.lv\/en\/wp-json\/wp\/v2\/product\/77921","targetHints":{"allow":["GET"]}}],"collection":[{"href":"https:\/\/sezona.lv\/en\/wp-json\/wp\/v2\/product"}],"about":[{"href":"https:\/\/sezona.lv\/en\/wp-json\/wp\/v2\/types\/product"}],"wp:attachment":[{"href":"https:\/\/sezona.lv\/en\/wp-json\/wp\/v2\/media?parent=77921"}],"wp:term":[{"taxonomy":"product_brand","embeddable":true,"href":"https:\/\/sezona.lv\/en\/wp-json\/wp\/v2\/product_brand?post=77921"},{"taxonomy":"product_cat","embeddable":true,"href":"https:\/\/sezona.lv\/en\/wp-json\/wp\/v2\/product_cat?post=77921"},{"taxonomy":"product_tag","embeddable":true,"href":"https:\/\/sezona.lv\/en\/wp-json\/wp\/v2\/product_tag?post=77921"}],"curies":[{"name":"wp","href":"https:\/\/api.w.org\/{rel}","templated":true}]}}