{"id":77922,"date":"2025-07-11T16:24:59","date_gmt":"2025-07-11T13:24:59","guid":{"rendered":"https:\/\/demo8.ecube.lv\/sezona.lv\/products\/stiga-rakete-flexer-4-concave\/"},"modified":"2025-07-14T15:15:12","modified_gmt":"2025-07-14T12:15:12","slug":"stiga-rakete-flexer-4-concave","status":"publish","type":"product","link":"https:\/\/sezona.lv\/en\/products\/stiga-rakete-flexer-4-concave\/","title":{"rendered":"STIGA rakete Flexer 4* (concave)"},"content":{"rendered":"<p>Stiga Flexer 4* concave galda tenisa rakete <br \/>\u041aontrole: 47 <br \/>\u0100trums: 95 <br \/>Rot\u0101cija: 86 <br \/>Sl\u0101\u0146u skaits: 7 <br \/>\u0422ips: OFF <br \/>Rokturis: CONCAVE<\/p>\n","protected":false},"excerpt":{"rendered":"<p>Stiga Flexer 4* concave galda tenisa rakete \u041aontrole: 47 \u0100trums: 95 Rot\u0101cija: 86 Sl\u0101\u0146u skaits: 7 \u0422ips: OFF Rokturis: CONCAVE<\/p>\n","protected":false},"featured_media":68649,"template":"","meta":[],"product_brand":[898],"product_cat":[4602,4635],"product_tag":[],"class_list":{"0":"post-77922","1":"product","2":"type-product","3":"status-publish","4":"has-post-thumbnail","6":"product_brand-stiga","7":"product_cat-summer-sports-sports","8":"product_cat-ping-pong-summer-sports-sports","10":"first","11":"instock","12":"shipping-taxable","13":"purchasable","14":"product-type-simple"},"_links":{"self":[{"href":"https:\/\/sezona.lv\/en\/wp-json\/wp\/v2\/product\/77922","targetHints":{"allow":["GET"]}}],"collection":[{"href":"https:\/\/sezona.lv\/en\/wp-json\/wp\/v2\/product"}],"about":[{"href":"https:\/\/sezona.lv\/en\/wp-json\/wp\/v2\/types\/product"}],"wp:featuredmedia":[{"embeddable":true,"href":"https:\/\/sezona.lv\/en\/wp-json\/wp\/v2\/media\/68649"}],"wp:attachment":[{"href":"https:\/\/sezona.lv\/en\/wp-json\/wp\/v2\/media?parent=77922"}],"wp:term":[{"taxonomy":"product_brand","embeddable":true,"href":"https:\/\/sezona.lv\/en\/wp-json\/wp\/v2\/product_brand?post=77922"},{"taxonomy":"product_cat","embeddable":true,"href":"https:\/\/sezona.lv\/en\/wp-json\/wp\/v2\/product_cat?post=77922"},{"taxonomy":"product_tag","embeddable":true,"href":"https:\/\/sezona.lv\/en\/wp-json\/wp\/v2\/product_tag?post=77922"}],"curies":[{"name":"wp","href":"https:\/\/api.w.org\/{rel}","templated":true}]}}