{"id":77923,"date":"2025-07-14T15:15:14","date_gmt":"2025-07-14T12:15:14","guid":{"rendered":"https:\/\/demo8.ecube.lv\/sezona.lv\/products\/millet-gulammaiss-alpine-expert-long\/"},"modified":"2025-07-14T15:15:14","modified_gmt":"2025-07-14T12:15:14","slug":"millet-gulammaiss-alpine-expert-long","status":"publish","type":"product","link":"https:\/\/sezona.lv\/en\/products\/millet-gulammaiss-alpine-expert-long\/","title":{"rendered":"Millet gu\u013cammaiss ALPINE EXPERT LONG"},"content":{"rendered":"<p><span>Daudzpus\u012bgs piecu sezonu gu\u013cammaiss, kas paredz\u0113ts aukstiem laikapst\u0101k\u013ciem liel\u0101 augstum\u0101. Gu\u013cammaiss pild\u012bts ar siltu, m\u012bkstu un komfortablu d\u016bnu pild\u012bjumu. \u0100r\u0113j\u0101 da\u013ca izgatavota no \u013coti iztur\u012bga, viegla un \u016bdeni atgr\u016bdo&scaron;a RipStop neilona materi\u0101la, savuk\u0101rt Insulation Shield&trade; v-veida konstrukcija ar aluminiz\u0113t\u0101m starpsien\u0101m sniedz liel\u0101ku term\u0101lo aizsardz\u012bbu. Gu\u013cammaiss izgatavots 3D konstrukcij\u0101, t\u0101d\u0113j\u0101di uzturot dab\u012bgo gais\u012bgumu. Tam ir 3\/4 r\u0101v\u0113jsl\u0113dz\u0113ja aizdare s\u0101nos ar pret-aukstuma atloku, apkakle plecu da\u013c\u0101, \u012bpa&scaron;i form\u0113ta kapuce ar dubultu savelkamo auklu un iek&scaron;kabata.<\/span><\/p>\n<table id=\"item-table\" class=\"dynamic-table specific\" border=\"0\">\n<thead>\n<tr>\n<th colspan=\"2\">SPECIFIK\u0100CIJA<\/th>\n<\/tr>\n<\/thead>\n<tbody>\n<tr>\n<td>P\u0113c produkta<\/td>\n<td>Kokona veida gu\u013cammaisi<\/td>\n<\/tr>\n<tr>\n<td>Siltin\u0101jums<\/td>\n<td>D\u016bnu; 700 g 90\/10 p\u012bles d\u016bnas, FP 700 USA<\/td>\n<\/tr>\n<tr>\n<td>Komforta temperat\u016bra<\/td>\n<td>no -20&deg;C l\u012bdz 0 &deg;C<\/td>\n<\/tr>\n<tr>\n<td>Veids<\/td>\n<td>Kokona (anatomiska) forma<\/td>\n<\/tr>\n<tr>\n<td>Izm\u0113rs<\/td>\n<td>Garums: 230 cm; Garums bez kapuces: 200 cm; Platums aug&scaron;da\u013c\u0101: 80 cm; Platums apak&scaron;da\u013c\u0101: 50 cm<\/td>\n<\/tr>\n<tr>\n<td>Temperat\u016bra<\/td>\n<td>Komforts: -5&deg;C;<br \/>Komforta limits: -11&deg;C;<br \/>Ekstr\u0113ms: -31&deg;C<\/td>\n<\/tr>\n<tr>\n<td>\u0100r\u0113jais materi\u0101ls<\/td>\n<td>30 D 353T RipStop neilons<\/td>\n<\/tr>\n<tr>\n<td>Iek&scaron;\u0113jais materi\u0101ls<\/td>\n<td>PES 50D \/ 300T<\/td>\n<\/tr>\n<tr>\n<td>Iepakojums<\/td>\n<td>\u016adensdro&scaron;a kompresijas somi\u0146a<\/td>\n<\/tr>\n<tr>\n<td>Iepakojuma ietilp\u012bba<\/td>\n<td>7 L<\/td>\n<\/tr>\n<tr>\n<td>Svars<\/td>\n<td>1.44 kg<\/td>\n<\/tr>\n<tr>\n<td>Katalogu numuri<\/td>\n<td>MIC1090<\/td>\n<\/tr>\n<\/tbody>\n<\/table>\n","protected":false},"excerpt":{"rendered":"<p>Daudzpus\u012bgs piecu sezonu gu\u013cammaiss, kas paredz\u0113ts aukstiem laikapst\u0101k\u013ciem liel\u0101 augstum\u0101. Gu\u013cammaiss pild\u012bts ar siltu, m\u012bkstu un komfortablu d\u016bnu pild\u012bjumu. \u0100r\u0113j\u0101 da\u013ca izgatavota no \u013coti iztur\u012bga, viegla un \u016bdeni atgr\u016bdo&scaron;a RipStop neilona materi\u0101la, savuk\u0101rt Insulation Shield&trade; v-veida konstrukcija ar aluminiz\u0113t\u0101m starpsien\u0101m sniedz liel\u0101ku term\u0101lo aizsardz\u012bbu. Gu\u013cammaiss izgatavots 3D konstrukcij\u0101, t\u0101d\u0113j\u0101di uzturot dab\u012bgo gais\u012bgumu. Tam ir 3\/4 [&hellip;]<\/p>\n","protected":false},"featured_media":0,"template":"","meta":[],"product_brand":[],"product_cat":[4558,4569,4640,4982],"product_tag":[],"class_list":{"0":"post-77923","1":"product","2":"type-product","3":"status-publish","5":"product_cat-for-tourism-recreation","6":"product_cat-sleeping-bags-for-tourism-recreation","7":"product_cat-recreation","8":"product_cat-millet-sleeping-bags-sleeping-bags-for-tourism-recreation","10":"first","11":"instock","12":"shipping-taxable","13":"purchasable","14":"product-type-simple"},"_links":{"self":[{"href":"https:\/\/sezona.lv\/en\/wp-json\/wp\/v2\/product\/77923","targetHints":{"allow":["GET"]}}],"collection":[{"href":"https:\/\/sezona.lv\/en\/wp-json\/wp\/v2\/product"}],"about":[{"href":"https:\/\/sezona.lv\/en\/wp-json\/wp\/v2\/types\/product"}],"wp:attachment":[{"href":"https:\/\/sezona.lv\/en\/wp-json\/wp\/v2\/media?parent=77923"}],"wp:term":[{"taxonomy":"product_brand","embeddable":true,"href":"https:\/\/sezona.lv\/en\/wp-json\/wp\/v2\/product_brand?post=77923"},{"taxonomy":"product_cat","embeddable":true,"href":"https:\/\/sezona.lv\/en\/wp-json\/wp\/v2\/product_cat?post=77923"},{"taxonomy":"product_tag","embeddable":true,"href":"https:\/\/sezona.lv\/en\/wp-json\/wp\/v2\/product_tag?post=77923"}],"curies":[{"name":"wp","href":"https:\/\/api.w.org\/{rel}","templated":true}]}}