{"id":77926,"date":"2025-07-14T15:15:17","date_gmt":"2025-07-14T12:15:17","guid":{"rendered":"https:\/\/demo8.ecube.lv\/sezona.lv\/products\/millet-gulammaiss-dreamer-composite-1000-reg\/"},"modified":"2025-07-14T15:15:17","modified_gmt":"2025-07-14T12:15:17","slug":"millet-gulammaiss-dreamer-composite-1000-reg","status":"publish","type":"product","link":"https:\/\/sezona.lv\/en\/products\/millet-gulammaiss-dreamer-composite-1000-reg\/","title":{"rendered":"Millet gu\u013cammaiss DREAMER COMPOSITE 1000 REG"},"content":{"rendered":"<div class=\"content-block overflow\">\n<div class=\"block-right full\">\n<div class=\"text\">Daudzpus\u012bgs un komfortabls kokona tipa tr\u012bs sezonu gu\u013cammaiss, paredz\u0113ts kalnu p\u0101rg\u0101jieniem un trekingam izaicino&scaron;os laikapst\u0101k\u013cos. Veidots \u012bpa&scaron;\u0101 Composite konstrukcij\u0101 &#8211; t\u0101 pild\u012bjums veidots no d\u016bnu un sint\u0113tisk\u0101 materi\u0101la, kas nodro&scaron;ina aizsardz\u012bbu pret zemes mitrumu un nodro&scaron;ina lielisku siltumizol\u0101ciju aug&scaron;pus\u0113. Tam ir 3\/4 r\u0101v\u0113jsl\u0113dz\u0113ja aizdare s\u0101nos ar pret-aukstuma atloku, apkakle plecu da\u013c\u0101, \u012bpa&scaron;i form\u0113ta kapuce ar savelkamo auklu un iek&scaron;kabata.<\/div>\n<\/div>\n<\/div>\n<div class=\"content-block\">\n<table id=\"item-table\" class=\"dynamic-table specific\" border=\"0\">\n<thead>\n<tr>\n<th colspan=\"2\">SPECIFIK\u0100CIJA<\/th>\n<\/tr>\n<\/thead>\n<tbody>\n<tr>\n<td>P\u0113c produkta<\/td>\n<td>Kokona veida gu\u013cammaisi<\/td>\n<\/tr>\n<tr>\n<td>Siltin\u0101jums<\/td>\n<td>D\u016bnu; Apak&scaron;puse: 150 g\/m&sup2; Superfine sint\u0113tisk\u0101s &scaron;\u0137iedras;<br \/>Aug&scaron;puse: 80\/20 p\u012b\u013cu d\u016bnas (130 g)<br \/>Pild\u012b&scaron;anas jauda: 700 USA<\/td>\n<\/tr>\n<tr>\n<td>Komforta temperat\u016bra<\/td>\n<td>no 0&deg;C l\u012bdz +10&deg;C<\/td>\n<\/tr>\n<tr>\n<td>Veids<\/td>\n<td>Kokona<\/td>\n<\/tr>\n<tr>\n<td>Izm\u0113rs<\/td>\n<td>210 (180) x 78 (50) cm<\/td>\n<\/tr>\n<tr>\n<td>Temperat\u016bra<\/td>\n<td>Komforts : 6&deg;C;<br \/>Komforta limits : 1&deg;C;<br \/>Ektr\u0113ms : -14&deg;C<\/td>\n<\/tr>\n<tr>\n<td>\u0100r\u0113jais materi\u0101ls<\/td>\n<td>50D\/300T poliesteris<\/td>\n<\/tr>\n<tr>\n<td>Iek&scaron;\u0113jais materi\u0101ls<\/td>\n<td>50D\/300T poliesteris<\/td>\n<\/tr>\n<tr>\n<td>Iepakojums<\/td>\n<td>Kompresijas maisi\u0146&scaron;<\/td>\n<\/tr>\n<tr>\n<td>Iepakojuma ietilp\u012bba<\/td>\n<td>4,5 L<\/td>\n<\/tr>\n<tr>\n<td>Svars<\/td>\n<td>1.09 kg<\/td>\n<\/tr>\n<tr>\n<td>Katalogu numuri<\/td>\n<td>MIC1082<\/td>\n<\/tr>\n<\/tbody>\n<\/table>\n<\/div>\n","protected":false},"excerpt":{"rendered":"<p>Daudzpus\u012bgs un komfortabls kokona tipa tr\u012bs sezonu gu\u013cammaiss, paredz\u0113ts kalnu p\u0101rg\u0101jieniem un trekingam izaicino&scaron;os laikapst\u0101k\u013cos. Veidots \u012bpa&scaron;\u0101 Composite konstrukcij\u0101 &#8211; t\u0101 pild\u012bjums veidots no d\u016bnu un sint\u0113tisk\u0101 materi\u0101la, kas nodro&scaron;ina aizsardz\u012bbu pret zemes mitrumu un nodro&scaron;ina lielisku siltumizol\u0101ciju aug&scaron;pus\u0113. Tam ir 3\/4 r\u0101v\u0113jsl\u0113dz\u0113ja aizdare s\u0101nos ar pret-aukstuma atloku, apkakle plecu da\u013c\u0101, \u012bpa&scaron;i form\u0113ta kapuce ar [&hellip;]<\/p>\n","protected":false},"featured_media":0,"template":"","meta":[],"product_brand":[],"product_cat":[4558,4569,4640,4982],"product_tag":[],"class_list":{"0":"post-77926","1":"product","2":"type-product","3":"status-publish","5":"product_cat-for-tourism-recreation","6":"product_cat-sleeping-bags-for-tourism-recreation","7":"product_cat-recreation","8":"product_cat-millet-sleeping-bags-sleeping-bags-for-tourism-recreation","10":"first","11":"instock","12":"shipping-taxable","13":"purchasable","14":"product-type-simple"},"_links":{"self":[{"href":"https:\/\/sezona.lv\/en\/wp-json\/wp\/v2\/product\/77926","targetHints":{"allow":["GET"]}}],"collection":[{"href":"https:\/\/sezona.lv\/en\/wp-json\/wp\/v2\/product"}],"about":[{"href":"https:\/\/sezona.lv\/en\/wp-json\/wp\/v2\/types\/product"}],"wp:attachment":[{"href":"https:\/\/sezona.lv\/en\/wp-json\/wp\/v2\/media?parent=77926"}],"wp:term":[{"taxonomy":"product_brand","embeddable":true,"href":"https:\/\/sezona.lv\/en\/wp-json\/wp\/v2\/product_brand?post=77926"},{"taxonomy":"product_cat","embeddable":true,"href":"https:\/\/sezona.lv\/en\/wp-json\/wp\/v2\/product_cat?post=77926"},{"taxonomy":"product_tag","embeddable":true,"href":"https:\/\/sezona.lv\/en\/wp-json\/wp\/v2\/product_tag?post=77926"}],"curies":[{"name":"wp","href":"https:\/\/api.w.org\/{rel}","templated":true}]}}