{"id":77927,"date":"2025-07-14T15:15:18","date_gmt":"2025-07-14T12:15:18","guid":{"rendered":"https:\/\/demo8.ecube.lv\/sezona.lv\/products\/millet-gulammaiss-world-roof\/"},"modified":"2025-07-14T15:15:18","modified_gmt":"2025-07-14T12:15:18","slug":"millet-gulammaiss-world-roof","status":"publish","type":"product","link":"https:\/\/sezona.lv\/en\/products\/millet-gulammaiss-world-roof\/","title":{"rendered":"Millet gu\u013cammaiss WORLD ROOF"},"content":{"rendered":"<div class=\"content-block overflow\">\n<div class=\"block-right full\">\n<div class=\"text\">Silts, kokona tipa piecu sezonu eksped\u012bcijas gu\u013cammaiss, kas piem\u0113rots lieto&scaron;anai ekstr\u0113mos laikapst\u0101k\u013cos un liel\u0101 augstum\u0101 tehniskaj\u0101 alp\u012bnism\u0101.<\/div>\n<\/div>\n<\/div>\n<div class=\"content-block\">\n<table id=\"item-table\" class=\"dynamic-table specific\" border=\"0\">\n<thead>\n<tr>\n<th colspan=\"2\">SPECIFIK\u0100CIJA<\/th>\n<\/tr>\n<\/thead>\n<tbody>\n<tr>\n<td>P\u0113c produkta<\/td>\n<td>Kokona veida gu\u013cammaisi<\/td>\n<\/tr>\n<tr>\n<td>Siltin\u0101jums<\/td>\n<td>D\u016bnu; Aug&scaron;\u0113j\u0101 da\u013ca: 556g 95\/5 zosu d\u016bnas; Apak&scaron;\u0113j\u0101 da\u013ca: 444g DownTek 90\/10 p\u012b\u013cu d\u016bnas<\/td>\n<\/tr>\n<tr>\n<td>Komforta temperat\u016bra<\/td>\n<td>no -20&deg;C l\u012bdz 0 &deg;C<\/td>\n<\/tr>\n<tr>\n<td>Izm\u0113rs<\/td>\n<td>Garums: 225 (195) cm; Platums: 85 (50) cm<\/td>\n<\/tr>\n<tr>\n<td>Temperat\u016bra<\/td>\n<td>Komforts: -8`C; Komforta limits: -16`C; Ekstr\u0113ms: -37`C<\/td>\n<\/tr>\n<tr>\n<td>\u0100r\u0113jais materi\u0101ls<\/td>\n<td>Neilons 20D 362T RipStop<\/td>\n<\/tr>\n<tr>\n<td>Iek&scaron;\u0113jais materi\u0101ls<\/td>\n<td>Neilons 30D 353T RipStop<\/td>\n<\/tr>\n<tr>\n<td>Svars<\/td>\n<td>1.57 kg<\/td>\n<\/tr>\n<tr>\n<td>Katalogu numuri<\/td>\n<td>MIC1064<\/td>\n<\/tr>\n<\/tbody>\n<\/table>\n<\/div>\n","protected":false},"excerpt":{"rendered":"<p>Silts, kokona tipa piecu sezonu eksped\u012bcijas gu\u013cammaiss, kas piem\u0113rots lieto&scaron;anai ekstr\u0113mos laikapst\u0101k\u013cos un liel\u0101 augstum\u0101 tehniskaj\u0101 alp\u012bnism\u0101. SPECIFIK\u0100CIJA P\u0113c produkta Kokona veida gu\u013cammaisi Siltin\u0101jums D\u016bnu; Aug&scaron;\u0113j\u0101 da\u013ca: 556g 95\/5 zosu d\u016bnas; Apak&scaron;\u0113j\u0101 da\u013ca: 444g DownTek 90\/10 p\u012b\u013cu d\u016bnas Komforta temperat\u016bra no -20&deg;C l\u012bdz 0 &deg;C Izm\u0113rs Garums: 225 (195) cm; Platums: 85 (50) cm Temperat\u016bra [&hellip;]<\/p>\n","protected":false},"featured_media":0,"template":"","meta":[],"product_brand":[],"product_cat":[4558,4569,4640,4982],"product_tag":[],"class_list":{"0":"post-77927","1":"product","2":"type-product","3":"status-publish","5":"product_cat-for-tourism-recreation","6":"product_cat-sleeping-bags-for-tourism-recreation","7":"product_cat-recreation","8":"product_cat-millet-sleeping-bags-sleeping-bags-for-tourism-recreation","10":"first","11":"instock","12":"shipping-taxable","13":"purchasable","14":"product-type-simple"},"_links":{"self":[{"href":"https:\/\/sezona.lv\/en\/wp-json\/wp\/v2\/product\/77927","targetHints":{"allow":["GET"]}}],"collection":[{"href":"https:\/\/sezona.lv\/en\/wp-json\/wp\/v2\/product"}],"about":[{"href":"https:\/\/sezona.lv\/en\/wp-json\/wp\/v2\/types\/product"}],"wp:attachment":[{"href":"https:\/\/sezona.lv\/en\/wp-json\/wp\/v2\/media?parent=77927"}],"wp:term":[{"taxonomy":"product_brand","embeddable":true,"href":"https:\/\/sezona.lv\/en\/wp-json\/wp\/v2\/product_brand?post=77927"},{"taxonomy":"product_cat","embeddable":true,"href":"https:\/\/sezona.lv\/en\/wp-json\/wp\/v2\/product_cat?post=77927"},{"taxonomy":"product_tag","embeddable":true,"href":"https:\/\/sezona.lv\/en\/wp-json\/wp\/v2\/product_tag?post=77927"}],"curies":[{"name":"wp","href":"https:\/\/api.w.org\/{rel}","templated":true}]}}