{"id":77930,"date":"2025-07-14T15:15:22","date_gmt":"2025-07-14T12:15:22","guid":{"rendered":"https:\/\/demo8.ecube.lv\/sezona.lv\/products\/millet-gulammaiss-baikal-750-reg\/"},"modified":"2025-07-14T15:15:22","modified_gmt":"2025-07-14T12:15:22","slug":"millet-gulammaiss-baikal-750-reg","status":"publish","type":"product","link":"https:\/\/sezona.lv\/en\/products\/millet-gulammaiss-baikal-750-reg\/","title":{"rendered":"Millet gu\u013cammaiss BAIKAL 750 REG"},"content":{"rendered":"<div class=\"content-block overflow\">\n<div class=\"block-right full\">\n<div class=\"text\">Komfortabls kokona formas vasaras gu\u013cammaiss p\u0101rg\u0101jieniem un trekingam. Gu\u013cammais\u0101 iestr\u0101d\u0101tais hidrofobais sint\u0113tiskais siltin\u0101jums nodro&scaron;ina lielisku komfortu, baudot nakti br\u012bv\u0101 dab\u0101. Sint\u0113tiskais siltin\u0101jums un poliam\u012bda \u0101r\u0113jais materi\u0101ls nodro&scaron;ina siltumizol\u0101ciju un pasarg\u0101 no aukstuma un mitruma. Gu\u013cammaisam ir s\u0101nu r\u0101v\u0113jsl\u0113dz\u0113ja aizdares ar iek&scaron;\u0113ju pret-aukstuma atloku, r\u0101v\u0113jsl\u0113dz\u0113ja aizsargs, 3D kapuce ar savelkamu auklu un iek&scaron;kabata. Kompresijas maisi\u0146&scaron; noder\u0113s \u0113rtai transport\u0113&scaron;anai.<\/div>\n<\/div>\n<\/div>\n<div class=\"content-block\">\n<table id=\"item-table\" class=\"dynamic-table specific\" border=\"0\">\n<thead>\n<tr>\n<th colspan=\"2\">SPECIFIK\u0100CIJA<\/th>\n<\/tr>\n<\/thead>\n<tbody>\n<tr>\n<td>P\u0113c produkta<\/td>\n<td>Kokona veida gu\u013cammaisi<\/td>\n<\/tr>\n<tr>\n<td>Siltin\u0101jums<\/td>\n<td>Sint\u0113tiskais; SuperMix Fiber &#8211; 3D dobu silikona p\u0101rkl\u0101juma &scaron;\u0137iedru sajaukums, kas nodro&scaron;ina augstas termoizol\u0113jo&scaron;\u0101s \u012bpa&scaron;\u012bbas, mitruma p\u0101rvad\u012b&scaron;anu un saspie\u017eam\u012bbu; Aug&scaron;puse: 1 x 100 g\/m&sup2;; Apak&scaron;a: 1 x 100 g\/m&sup2;<\/td>\n<\/tr>\n<tr>\n<td>Komforta temperat\u016bra<\/td>\n<td>no 0&deg;C l\u012bdz +10&deg;C<\/td>\n<\/tr>\n<tr>\n<td>Veids<\/td>\n<td>Kokona veida<\/td>\n<\/tr>\n<tr>\n<td>Izm\u0113rs<\/td>\n<td>Pilns garums: 210 cm; Garums bez kapuces 180 cm; Platums aug&scaron;da\u013c\u0101: 80 cm; Platums apak&scaron;da\u013c\u0101: 40 cm<\/td>\n<\/tr>\n<tr>\n<td>Temperat\u016bra<\/td>\n<td>Komforts: +10`C; Komforta robe\u017ea: +6`C; Ekstr\u0113ms: -6`C<\/td>\n<\/tr>\n<tr>\n<td>\u0100r\u0113jais materi\u0101ls<\/td>\n<td>Poliam\u012bds 40D\/255T Ripstop<\/td>\n<\/tr>\n<tr>\n<td>Iek&scaron;\u0113jais materi\u0101ls<\/td>\n<td>Poliesteris 50D\/300T<\/td>\n<\/tr>\n<tr>\n<td>Iepakojums<\/td>\n<td>Kompresijas maisi\u0146&scaron;<\/td>\n<\/tr>\n<tr>\n<td>Iepakojuma ietilp\u012bba<\/td>\n<td>3.5 L<\/td>\n<\/tr>\n<tr>\n<td>Svars<\/td>\n<td>0.86 kg<\/td>\n<\/tr>\n<tr>\n<td>Katalogu numuri<\/td>\n<td>MIC1039<\/td>\n<\/tr>\n<\/tbody>\n<\/table>\n<\/div>\n","protected":false},"excerpt":{"rendered":"<p>Komfortabls kokona formas vasaras gu\u013cammaiss p\u0101rg\u0101jieniem un trekingam. Gu\u013cammais\u0101 iestr\u0101d\u0101tais hidrofobais sint\u0113tiskais siltin\u0101jums nodro&scaron;ina lielisku komfortu, baudot nakti br\u012bv\u0101 dab\u0101. Sint\u0113tiskais siltin\u0101jums un poliam\u012bda \u0101r\u0113jais materi\u0101ls nodro&scaron;ina siltumizol\u0101ciju un pasarg\u0101 no aukstuma un mitruma. Gu\u013cammaisam ir s\u0101nu r\u0101v\u0113jsl\u0113dz\u0113ja aizdares ar iek&scaron;\u0113ju pret-aukstuma atloku, r\u0101v\u0113jsl\u0113dz\u0113ja aizsargs, 3D kapuce ar savelkamu auklu un iek&scaron;kabata. Kompresijas maisi\u0146&scaron; noder\u0113s [&hellip;]<\/p>\n","protected":false},"featured_media":0,"template":"","meta":[],"product_brand":[],"product_cat":[4558,4569,4640,4982],"product_tag":[],"class_list":{"0":"post-77930","1":"product","2":"type-product","3":"status-publish","5":"product_cat-for-tourism-recreation","6":"product_cat-sleeping-bags-for-tourism-recreation","7":"product_cat-recreation","8":"product_cat-millet-sleeping-bags-sleeping-bags-for-tourism-recreation","10":"first","11":"instock","12":"shipping-taxable","13":"purchasable","14":"product-type-simple"},"_links":{"self":[{"href":"https:\/\/sezona.lv\/en\/wp-json\/wp\/v2\/product\/77930","targetHints":{"allow":["GET"]}}],"collection":[{"href":"https:\/\/sezona.lv\/en\/wp-json\/wp\/v2\/product"}],"about":[{"href":"https:\/\/sezona.lv\/en\/wp-json\/wp\/v2\/types\/product"}],"wp:attachment":[{"href":"https:\/\/sezona.lv\/en\/wp-json\/wp\/v2\/media?parent=77930"}],"wp:term":[{"taxonomy":"product_brand","embeddable":true,"href":"https:\/\/sezona.lv\/en\/wp-json\/wp\/v2\/product_brand?post=77930"},{"taxonomy":"product_cat","embeddable":true,"href":"https:\/\/sezona.lv\/en\/wp-json\/wp\/v2\/product_cat?post=77930"},{"taxonomy":"product_tag","embeddable":true,"href":"https:\/\/sezona.lv\/en\/wp-json\/wp\/v2\/product_tag?post=77930"}],"curies":[{"name":"wp","href":"https:\/\/api.w.org\/{rel}","templated":true}]}}