{"id":77931,"date":"2025-07-11T16:25:15","date_gmt":"2025-07-11T13:25:15","guid":{"rendered":"https:\/\/demo8.ecube.lv\/sezona.lv\/products\/mammut-gulammaiss-tyin-mti-winter-180\/"},"modified":"2025-07-14T15:15:22","modified_gmt":"2025-07-14T12:15:22","slug":"mammut-gulammaiss-tyin-mti-winter-180","status":"publish","type":"product","link":"https:\/\/sezona.lv\/en\/products\/mammut-gulammaiss-tyin-mti-winter-180\/","title":{"rendered":"Mammut gu\u013cammaiss Tyin MTI Winter 180"},"content":{"rendered":"<p>\u012apa&scaron;ais sint\u0113tiskais gu\u013cammaisa pild\u012bjums lieliski piem\u0113rots smagiem laikapst\u0101k\u013ciem, kur ir auksts un mitrs, k\u0101 piem\u0113ram, tundra, taiga, t\u0101lie Zieme\u013ci.<br \/>&ndash; augst\u0101k\u0101s kvalit\u0101tes MTI Endurance pild\u012bjums nodro&scaron;ina maksim\u0101lu siltumizol\u0101ciju<br \/>&ndash; \u0100r\u0113jais materi\u0101ls \u016bdens atgr\u016bdo&scaron;s un iztur\u012bgs<br \/>&ndash; iek&scaron;materi\u0101ls no v\u0113ja aizturo&scaron;as kokvilnas<\/p>\n<p>Iek&scaron;ej\u0101 kabata ar r\u0101vejsl\u0113dz\u0113ju<\/p>\n<p>Mak. augstums: 180cm<br \/>R\u0101v\u0113jsl\u0113dz\u0113ja garums: 140 cm<br \/>Komf. T: -18 C<\/p>\n<p>Tilpums: 14.2 L<br \/>Pild\u012bjuma svars: 1560 g<\/p>\n<p>&nbsp;<\/p>\n<p>Svars: 2050 g<\/p>\n","protected":false},"excerpt":{"rendered":"<p>\u012apa&scaron;ais sint\u0113tiskais gu\u013cammaisa pild\u012bjums lieliski piem\u0113rots smagiem laikapst\u0101k\u013ciem, kur ir auksts un mitrs, k\u0101 piem\u0113ram, tundra, taiga, t\u0101lie Zieme\u013ci.&ndash; augst\u0101k\u0101s kvalit\u0101tes MTI Endurance pild\u012bjums nodro&scaron;ina maksim\u0101lu siltumizol\u0101ciju&ndash; \u0100r\u0113jais materi\u0101ls \u016bdens atgr\u016bdo&scaron;s un iztur\u012bgs&ndash; iek&scaron;materi\u0101ls no v\u0113ja aizturo&scaron;as kokvilnas Iek&scaron;ej\u0101 kabata ar r\u0101vejsl\u0113dz\u0113ju Mak. augstums: 180cmR\u0101v\u0113jsl\u0113dz\u0113ja garums: 140 cmKomf. T: -18 C Tilpums: 14.2 LPild\u012bjuma svars: [&hellip;]<\/p>\n","protected":false},"featured_media":68671,"template":"","meta":[],"product_brand":[3386],"product_cat":[4558,4569,4983],"product_tag":[],"class_list":{"0":"post-77931","1":"product","2":"type-product","3":"status-publish","4":"has-post-thumbnail","6":"product_brand-mammut","7":"product_cat-for-tourism-recreation","8":"product_cat-sleeping-bags-for-tourism-recreation","9":"product_cat-mammut-sleeping-bags-sleeping-bags-for-tourism-recreation","11":"first","12":"instock","13":"shipping-taxable","14":"purchasable","15":"product-type-simple"},"_links":{"self":[{"href":"https:\/\/sezona.lv\/en\/wp-json\/wp\/v2\/product\/77931","targetHints":{"allow":["GET"]}}],"collection":[{"href":"https:\/\/sezona.lv\/en\/wp-json\/wp\/v2\/product"}],"about":[{"href":"https:\/\/sezona.lv\/en\/wp-json\/wp\/v2\/types\/product"}],"wp:featuredmedia":[{"embeddable":true,"href":"https:\/\/sezona.lv\/en\/wp-json\/wp\/v2\/media\/68671"}],"wp:attachment":[{"href":"https:\/\/sezona.lv\/en\/wp-json\/wp\/v2\/media?parent=77931"}],"wp:term":[{"taxonomy":"product_brand","embeddable":true,"href":"https:\/\/sezona.lv\/en\/wp-json\/wp\/v2\/product_brand?post=77931"},{"taxonomy":"product_cat","embeddable":true,"href":"https:\/\/sezona.lv\/en\/wp-json\/wp\/v2\/product_cat?post=77931"},{"taxonomy":"product_tag","embeddable":true,"href":"https:\/\/sezona.lv\/en\/wp-json\/wp\/v2\/product_tag?post=77931"}],"curies":[{"name":"wp","href":"https:\/\/api.w.org\/{rel}","templated":true}]}}