{"id":77933,"date":"2025-07-11T16:25:18","date_gmt":"2025-07-11T13:25:18","guid":{"rendered":"https:\/\/demo8.ecube.lv\/sezona.lv\/products\/mammut-gulammaisa-palags-cotton-liner\/"},"modified":"2025-07-14T15:15:24","modified_gmt":"2025-07-14T12:15:24","slug":"mammut-gulammaisa-palags-cotton-liner","status":"publish","type":"product","link":"https:\/\/sezona.lv\/en\/products\/mammut-gulammaisa-palags-cotton-liner\/","title":{"rendered":"Mammut gu\u013cammaisa palags Cotton Liner"},"content":{"rendered":"<p>100% dab\u012bgas kokvilnas gu\u013cammaisa palags, ko \u012bpa&scaron;i siltos laikapst\u0101k\u013cos iesp\u0113jams izmantot k\u0101 gu\u013cammaisu.<\/p>\n<p>Garums: 195 cm<\/p>\n<p>Materi\u0101ls: 100% kokvilna.<\/p>\n","protected":false},"excerpt":{"rendered":"<p>100% dab\u012bgas kokvilnas gu\u013cammaisa palags, ko \u012bpa&scaron;i siltos laikapst\u0101k\u013cos iesp\u0113jams izmantot k\u0101 gu\u013cammaisu. Garums: 195 cm Materi\u0101ls: 100% kokvilna.<\/p>\n","protected":false},"featured_media":68677,"template":"","meta":[],"product_brand":[3386],"product_cat":[4558,4569,4978],"product_tag":[],"class_list":{"0":"post-77933","1":"product","2":"type-product","3":"status-publish","4":"has-post-thumbnail","6":"product_brand-mammut","7":"product_cat-for-tourism-recreation","8":"product_cat-sleeping-bags-for-tourism-recreation","9":"product_cat-sheets-sleeping-bags-for-tourism-recreation","11":"first","12":"instock","13":"shipping-taxable","14":"purchasable","15":"product-type-simple"},"_links":{"self":[{"href":"https:\/\/sezona.lv\/en\/wp-json\/wp\/v2\/product\/77933","targetHints":{"allow":["GET"]}}],"collection":[{"href":"https:\/\/sezona.lv\/en\/wp-json\/wp\/v2\/product"}],"about":[{"href":"https:\/\/sezona.lv\/en\/wp-json\/wp\/v2\/types\/product"}],"wp:featuredmedia":[{"embeddable":true,"href":"https:\/\/sezona.lv\/en\/wp-json\/wp\/v2\/media\/68677"}],"wp:attachment":[{"href":"https:\/\/sezona.lv\/en\/wp-json\/wp\/v2\/media?parent=77933"}],"wp:term":[{"taxonomy":"product_brand","embeddable":true,"href":"https:\/\/sezona.lv\/en\/wp-json\/wp\/v2\/product_brand?post=77933"},{"taxonomy":"product_cat","embeddable":true,"href":"https:\/\/sezona.lv\/en\/wp-json\/wp\/v2\/product_cat?post=77933"},{"taxonomy":"product_tag","embeddable":true,"href":"https:\/\/sezona.lv\/en\/wp-json\/wp\/v2\/product_tag?post=77933"}],"curies":[{"name":"wp","href":"https:\/\/api.w.org\/{rel}","templated":true}]}}