{"id":77935,"date":"2025-07-11T16:25:20","date_gmt":"2025-07-11T13:25:20","guid":{"rendered":"https:\/\/demo8.ecube.lv\/sezona.lv\/products\/mammut-gulammaiss-kompakt-3-season-180\/"},"modified":"2025-07-14T15:15:26","modified_gmt":"2025-07-14T12:15:26","slug":"mammut-gulammaiss-kompakt-3-season-180","status":"publish","type":"product","link":"https:\/\/sezona.lv\/en\/products\/mammut-gulammaiss-kompakt-3-season-180\/","title":{"rendered":"Mammut gu\u013cammaiss KOMPAKT 3 SEASON 180"},"content":{"rendered":"<p>Le\u0123end\u0101ra, vair\u0101kas outdoor balvas ieguvusi gu\u013cammaisu s\u0113rija &ndash; \u012bpa&scaron;i viegli, kompres\u0113jami gu\u013cammaisi ar lielisku svara \/ siltumizol\u0101cijas attiec\u012bbu.<br \/>&ndash; augst\u0101k\u0101s kvalit\u0101tes MTI 13 pild\u012bjums apvieno zem\u0101ko svaru, kompaktumu un maksim\u0101lu siltumizol\u0101ciju<br \/>&ndash; Box konstrukcija nodro&scaron;ina palielin\u0101tu komfortu un siltumizol\u0101ciju<br \/>&ndash; iek&scaron;materi\u0101ls no sint\u0113tisk\u0101 z\u012bda<br \/>&ndash; ergonomiska k\u0101ju da\u013ca nodro&scaron;ina liel\u0101ku komfortu un siltumizol\u0101ciju<\/p>\n<p>Pild\u012bjums: MTI PRO<br \/>Mak. augstums: 180cm<br \/>R\u0101v\u0113jsl\u0113dz\u0113ja garums: 160 cm<br \/>Komf. T: +23\/-4 C<br \/>Ekstr. T: -21 C<br \/>Tilpums: 7.2 L<br \/>Pild\u012bjuma svars: 850 g<\/p>\n<p>&nbsp;<\/p>\n<p>Svars: 1500 g<\/p>\n","protected":false},"excerpt":{"rendered":"<p>Le\u0123end\u0101ra, vair\u0101kas outdoor balvas ieguvusi gu\u013cammaisu s\u0113rija &ndash; \u012bpa&scaron;i viegli, kompres\u0113jami gu\u013cammaisi ar lielisku svara \/ siltumizol\u0101cijas attiec\u012bbu.&ndash; augst\u0101k\u0101s kvalit\u0101tes MTI 13 pild\u012bjums apvieno zem\u0101ko svaru, kompaktumu un maksim\u0101lu siltumizol\u0101ciju&ndash; Box konstrukcija nodro&scaron;ina palielin\u0101tu komfortu un siltumizol\u0101ciju&ndash; iek&scaron;materi\u0101ls no sint\u0113tisk\u0101 z\u012bda&ndash; ergonomiska k\u0101ju da\u013ca nodro&scaron;ina liel\u0101ku komfortu un siltumizol\u0101ciju Pild\u012bjums: MTI PROMak. augstums: 180cmR\u0101v\u0113jsl\u0113dz\u0113ja garums: [&hellip;]<\/p>\n","protected":false},"featured_media":68683,"template":"","meta":[],"product_brand":[3386],"product_cat":[4558,4569,4983],"product_tag":[],"class_list":{"0":"post-77935","1":"product","2":"type-product","3":"status-publish","4":"has-post-thumbnail","6":"product_brand-mammut","7":"product_cat-for-tourism-recreation","8":"product_cat-sleeping-bags-for-tourism-recreation","9":"product_cat-mammut-sleeping-bags-sleeping-bags-for-tourism-recreation","11":"first","12":"instock","13":"shipping-taxable","14":"purchasable","15":"product-type-simple"},"_links":{"self":[{"href":"https:\/\/sezona.lv\/en\/wp-json\/wp\/v2\/product\/77935","targetHints":{"allow":["GET"]}}],"collection":[{"href":"https:\/\/sezona.lv\/en\/wp-json\/wp\/v2\/product"}],"about":[{"href":"https:\/\/sezona.lv\/en\/wp-json\/wp\/v2\/types\/product"}],"wp:featuredmedia":[{"embeddable":true,"href":"https:\/\/sezona.lv\/en\/wp-json\/wp\/v2\/media\/68683"}],"wp:attachment":[{"href":"https:\/\/sezona.lv\/en\/wp-json\/wp\/v2\/media?parent=77935"}],"wp:term":[{"taxonomy":"product_brand","embeddable":true,"href":"https:\/\/sezona.lv\/en\/wp-json\/wp\/v2\/product_brand?post=77935"},{"taxonomy":"product_cat","embeddable":true,"href":"https:\/\/sezona.lv\/en\/wp-json\/wp\/v2\/product_cat?post=77935"},{"taxonomy":"product_tag","embeddable":true,"href":"https:\/\/sezona.lv\/en\/wp-json\/wp\/v2\/product_tag?post=77935"}],"curies":[{"name":"wp","href":"https:\/\/api.w.org\/{rel}","templated":true}]}}