{"id":77939,"date":"2025-07-11T16:25:25","date_gmt":"2025-07-11T13:25:25","guid":{"rendered":"https:\/\/demo8.ecube.lv\/sezona.lv\/products\/mammut-gulammaiss-kompakt-summer-180\/"},"modified":"2025-07-14T15:15:31","modified_gmt":"2025-07-14T12:15:31","slug":"mammut-gulammaiss-kompakt-summer-180","status":"publish","type":"product","link":"https:\/\/sezona.lv\/en\/products\/mammut-gulammaiss-kompakt-summer-180\/","title":{"rendered":"Mammut gu\u013cammaiss Kompakt Summer 180"},"content":{"rendered":"<p>Le\u0123end\u0101ra, vair\u0101kas outdoor balvas ieguvusi gu\u013cammaisu s\u0113rija &ndash; \u012bpa&scaron;i viegli, kompres\u0113jami gu\u013cammaisi ar lielisku svara \/ siltumizol\u0101cijas attiec\u012bbu. Augst\u0101k\u0101s kvalit\u0101tes MTI 13 pild\u012bjums apvieno zem\u0101ko svaru, kompaktumu un maksim\u0101lu siltumizol\u0101ciju. Ergonomiska k\u0101ju da\u013ca nodro&scaron;ina liel\u0101ku komfortu un siltumizol\u0101ciju p\u0113d\u0101m.<br \/>R\u0101v\u0113jsl\u0113dz\u0113ja garums: 160 cm<br \/>Max. augums: 180 cm<br \/>Komf. t&deg;: +25; +6&deg; C<br \/>Exstr. t&deg; -7&deg; C<br \/>Pild\u012bjums: MTI Pro Tehnalo&scaron;ija<br \/>Tilpums: 5.5 L<br \/>Pild\u012bjuma svars: 350 g<\/p>\n<p>&nbsp;<\/p>\n<p>Svars: 900 g<\/p>\n","protected":false},"excerpt":{"rendered":"<p>Le\u0123end\u0101ra, vair\u0101kas outdoor balvas ieguvusi gu\u013cammaisu s\u0113rija &ndash; \u012bpa&scaron;i viegli, kompres\u0113jami gu\u013cammaisi ar lielisku svara \/ siltumizol\u0101cijas attiec\u012bbu. Augst\u0101k\u0101s kvalit\u0101tes MTI 13 pild\u012bjums apvieno zem\u0101ko svaru, kompaktumu un maksim\u0101lu siltumizol\u0101ciju. Ergonomiska k\u0101ju da\u013ca nodro&scaron;ina liel\u0101ku komfortu un siltumizol\u0101ciju p\u0113d\u0101m.R\u0101v\u0113jsl\u0113dz\u0113ja garums: 160 cmMax. augums: 180 cmKomf. t&deg;: +25; +6&deg; CExstr. t&deg; -7&deg; CPild\u012bjums: MTI Pro Tehnalo&scaron;ijaTilpums: [&hellip;]<\/p>\n","protected":false},"featured_media":68695,"template":"","meta":[],"product_brand":[3386],"product_cat":[4558,4569,4983],"product_tag":[],"class_list":{"0":"post-77939","1":"product","2":"type-product","3":"status-publish","4":"has-post-thumbnail","6":"product_brand-mammut","7":"product_cat-for-tourism-recreation","8":"product_cat-sleeping-bags-for-tourism-recreation","9":"product_cat-mammut-sleeping-bags-sleeping-bags-for-tourism-recreation","11":"first","12":"instock","13":"shipping-taxable","14":"purchasable","15":"product-type-simple"},"_links":{"self":[{"href":"https:\/\/sezona.lv\/en\/wp-json\/wp\/v2\/product\/77939","targetHints":{"allow":["GET"]}}],"collection":[{"href":"https:\/\/sezona.lv\/en\/wp-json\/wp\/v2\/product"}],"about":[{"href":"https:\/\/sezona.lv\/en\/wp-json\/wp\/v2\/types\/product"}],"wp:featuredmedia":[{"embeddable":true,"href":"https:\/\/sezona.lv\/en\/wp-json\/wp\/v2\/media\/68695"}],"wp:attachment":[{"href":"https:\/\/sezona.lv\/en\/wp-json\/wp\/v2\/media?parent=77939"}],"wp:term":[{"taxonomy":"product_brand","embeddable":true,"href":"https:\/\/sezona.lv\/en\/wp-json\/wp\/v2\/product_brand?post=77939"},{"taxonomy":"product_cat","embeddable":true,"href":"https:\/\/sezona.lv\/en\/wp-json\/wp\/v2\/product_cat?post=77939"},{"taxonomy":"product_tag","embeddable":true,"href":"https:\/\/sezona.lv\/en\/wp-json\/wp\/v2\/product_tag?post=77939"}],"curies":[{"name":"wp","href":"https:\/\/api.w.org\/{rel}","templated":true}]}}