{"id":77940,"date":"2025-07-11T16:25:26","date_gmt":"2025-07-11T13:25:26","guid":{"rendered":"https:\/\/demo8.ecube.lv\/sezona.lv\/products\/mammut-gulammaiss-knot-bernu-115\/"},"modified":"2025-07-14T15:15:32","modified_gmt":"2025-07-14T12:15:32","slug":"mammut-gulammaiss-knot-bernu-115","status":"publish","type":"product","link":"https:\/\/sezona.lv\/en\/products\/mammut-gulammaiss-knot-bernu-115\/","title":{"rendered":"Mammut gu\u013cammaiss Knot b\u0113rnu 115"},"content":{"rendered":"<p>R\u0101v\u0113jsl\u0113dz\u0113ja garums: 65 cm<br \/>Max. augums: 115 cm<br \/>Pild\u012bjums: MTI Element Tehnalo\u0123ija<br \/>Tilpums: 4 L<\/p>\n<p>&nbsp;<\/p>\n<p>Svars: 700 g<\/p>\n","protected":false},"excerpt":{"rendered":"<p>R\u0101v\u0113jsl\u0113dz\u0113ja garums: 65 cmMax. augums: 115 cmPild\u012bjums: MTI Element Tehnalo\u0123ijaTilpums: 4 L &nbsp; Svars: 700 g<\/p>\n","protected":false},"featured_media":68698,"template":"","meta":[],"product_brand":[3386],"product_cat":[4558,4569,4983],"product_tag":[],"class_list":{"0":"post-77940","1":"product","2":"type-product","3":"status-publish","4":"has-post-thumbnail","6":"product_brand-mammut","7":"product_cat-for-tourism-recreation","8":"product_cat-sleeping-bags-for-tourism-recreation","9":"product_cat-mammut-sleeping-bags-sleeping-bags-for-tourism-recreation","11":"first","12":"instock","13":"shipping-taxable","14":"purchasable","15":"product-type-simple"},"_links":{"self":[{"href":"https:\/\/sezona.lv\/en\/wp-json\/wp\/v2\/product\/77940","targetHints":{"allow":["GET"]}}],"collection":[{"href":"https:\/\/sezona.lv\/en\/wp-json\/wp\/v2\/product"}],"about":[{"href":"https:\/\/sezona.lv\/en\/wp-json\/wp\/v2\/types\/product"}],"wp:featuredmedia":[{"embeddable":true,"href":"https:\/\/sezona.lv\/en\/wp-json\/wp\/v2\/media\/68698"}],"wp:attachment":[{"href":"https:\/\/sezona.lv\/en\/wp-json\/wp\/v2\/media?parent=77940"}],"wp:term":[{"taxonomy":"product_brand","embeddable":true,"href":"https:\/\/sezona.lv\/en\/wp-json\/wp\/v2\/product_brand?post=77940"},{"taxonomy":"product_cat","embeddable":true,"href":"https:\/\/sezona.lv\/en\/wp-json\/wp\/v2\/product_cat?post=77940"},{"taxonomy":"product_tag","embeddable":true,"href":"https:\/\/sezona.lv\/en\/wp-json\/wp\/v2\/product_tag?post=77940"}],"curies":[{"name":"wp","href":"https:\/\/api.w.org\/{rel}","templated":true}]}}