{"id":77941,"date":"2025-07-11T16:25:27","date_gmt":"2025-07-11T13:25:27","guid":{"rendered":"https:\/\/demo8.ecube.lv\/sezona.lv\/products\/mammut-gulammaiss-kompakt-3-season-210-l\/"},"modified":"2025-07-14T15:15:33","modified_gmt":"2025-07-14T12:15:33","slug":"mammut-gulammaiss-kompakt-3-season-210-l","status":"publish","type":"product","link":"https:\/\/sezona.lv\/en\/products\/mammut-gulammaiss-kompakt-3-season-210-l\/","title":{"rendered":"Mammut gu\u013cammaiss Kompakt 3 season 210 L"},"content":{"rendered":"<p><span>Le\u0123end\u0101ra, vair\u0101kas outdoor balvas ieguvusi gu\u013cammaisu s\u0113rija &ndash; \u012bpa&scaron;i viegli, kompres\u0113jami gu\u013cammaisi ar lielisku svara \/ siltumizol\u0101cijas attiec\u012bbu.<\/span><br \/><span>&ndash; augst\u0101k\u0101s kvalit\u0101tes MTI 13 pild\u012bjums apvieno zem\u0101ko svaru, kompaktumu un maksim\u0101lu siltumizol\u0101ciju<\/span><br \/><span>&ndash; Box konstrukcija nodro&scaron;ina palielin\u0101tu komfortu un siltumizol\u0101ciju<\/span><br \/><span>&ndash; iek&scaron;materi\u0101ls no sint\u0113tisk\u0101 z\u012bda<\/span><br \/><span>&ndash; ergonomiska k\u0101ju da\u013ca nodro&scaron;ina liel\u0101ku komfortu un siltumizol\u0101ciju<\/span><br \/><span>Pild\u012bjums: MTI Pro<\/span><br \/><span>Mak. augstums: 210cm<\/span><br \/><span>R\u0101v\u0113jsl\u0113dz\u0113ja garums: 160 cm<\/span><br \/><span>Komf. T: +23\/-4 C<\/span><br \/><span>Ekstr. T: -21 C<\/span><br \/><span>Tilpums: 8.7 L<\/span><br \/><span>Pild\u012bjuma svars: 1000 g<\/span><br \/><span>Svars: 1800 g<\/span><br \/><span>Temperat\u016bra: +23 \/ -4&deg; C<\/span><\/p>\n","protected":false},"excerpt":{"rendered":"<p>Le\u0123end\u0101ra, vair\u0101kas outdoor balvas ieguvusi gu\u013cammaisu s\u0113rija &ndash; \u012bpa&scaron;i viegli, kompres\u0113jami gu\u013cammaisi ar lielisku svara \/ siltumizol\u0101cijas attiec\u012bbu.&ndash; augst\u0101k\u0101s kvalit\u0101tes MTI 13 pild\u012bjums apvieno zem\u0101ko svaru, kompaktumu un maksim\u0101lu siltumizol\u0101ciju&ndash; Box konstrukcija nodro&scaron;ina palielin\u0101tu komfortu un siltumizol\u0101ciju&ndash; iek&scaron;materi\u0101ls no sint\u0113tisk\u0101 z\u012bda&ndash; ergonomiska k\u0101ju da\u013ca nodro&scaron;ina liel\u0101ku komfortu un siltumizol\u0101cijuPild\u012bjums: MTI ProMak. augstums: 210cmR\u0101v\u0113jsl\u0113dz\u0113ja garums: 160 [&hellip;]<\/p>\n","protected":false},"featured_media":68701,"template":"","meta":[],"product_brand":[3386],"product_cat":[4558,4569,4983],"product_tag":[],"class_list":{"0":"post-77941","1":"product","2":"type-product","3":"status-publish","4":"has-post-thumbnail","6":"product_brand-mammut","7":"product_cat-for-tourism-recreation","8":"product_cat-sleeping-bags-for-tourism-recreation","9":"product_cat-mammut-sleeping-bags-sleeping-bags-for-tourism-recreation","11":"first","12":"instock","13":"shipping-taxable","14":"purchasable","15":"product-type-simple"},"_links":{"self":[{"href":"https:\/\/sezona.lv\/en\/wp-json\/wp\/v2\/product\/77941","targetHints":{"allow":["GET"]}}],"collection":[{"href":"https:\/\/sezona.lv\/en\/wp-json\/wp\/v2\/product"}],"about":[{"href":"https:\/\/sezona.lv\/en\/wp-json\/wp\/v2\/types\/product"}],"wp:featuredmedia":[{"embeddable":true,"href":"https:\/\/sezona.lv\/en\/wp-json\/wp\/v2\/media\/68701"}],"wp:attachment":[{"href":"https:\/\/sezona.lv\/en\/wp-json\/wp\/v2\/media?parent=77941"}],"wp:term":[{"taxonomy":"product_brand","embeddable":true,"href":"https:\/\/sezona.lv\/en\/wp-json\/wp\/v2\/product_brand?post=77941"},{"taxonomy":"product_cat","embeddable":true,"href":"https:\/\/sezona.lv\/en\/wp-json\/wp\/v2\/product_cat?post=77941"},{"taxonomy":"product_tag","embeddable":true,"href":"https:\/\/sezona.lv\/en\/wp-json\/wp\/v2\/product_tag?post=77941"}],"curies":[{"name":"wp","href":"https:\/\/api.w.org\/{rel}","templated":true}]}}