{"id":77942,"date":"2025-07-11T16:25:29","date_gmt":"2025-07-11T13:25:29","guid":{"rendered":"https:\/\/demo8.ecube.lv\/sezona.lv\/products\/mammut-gulammaiss-sphere-down-spring-195\/"},"modified":"2025-07-14T15:15:35","modified_gmt":"2025-07-14T12:15:35","slug":"mammut-gulammaiss-sphere-down-spring-195","status":"publish","type":"product","link":"https:\/\/sezona.lv\/en\/products\/mammut-gulammaiss-sphere-down-spring-195\/","title":{"rendered":"Mammut gu\u013cammaiss SPHERE Down SPRING 195"},"content":{"rendered":"<p>Ultra viegli materi\u0101li un labak\u0101 d\u016bnu kvalit\u0101te padara &scaron;o par maz\u0101ko un kompakt\u0101ko MAMMUT Ajungilak gu\u013cammaisu.<br \/> LightTX \u0101r\u0113jais materi\u0101ls ir \u012bpa&scaron;i viegls, v\u0113ja iztur\u012bgs un \u016bdeni atgr\u016bdo&scaron;s<br \/> Speci\u0101l\u0101 kameru uzb\u016bve ne\u013cauj d\u016bn\u0101m sakristies, t\u0101 ne\u013caujot izveidoties atsevi&scaron;\u0137\u0101m aukstuma zon\u0101m<br \/> Performance Hood nodro&scaron;ina pla&scaron;u skat\u012bjuma le\u0146\u0137i, tai pa&scaron;\u0101 laik\u0101 ne\u013cauj gu\u013cammais\u0101 ien\u0101kt aukstumam<br \/> Divu sl\u0101\u0146u, 9 kameru k\u0101ju da\u013cas uzb\u016bve nodro&scaron;ina maksim\u0101lu komfortu<\/p>\n<p><strong>Svars [g] <\/strong>600<\/p>\n<p><strong>R\u0101v\u0113jsl\u0113dz\u0113ja garums [cm] <\/strong>140<\/p>\n<p><strong>Tilpums [l] <\/strong>4,2<\/p>\n<p><strong>Siltin\u0101juma daudzums [g] <\/strong>260<\/p>\n<p><strong>Maksim\u0101lais auguma garums<\/strong> 195 cm<\/p>\n<p><strong>Iek&scaron;\u0113jais garums (EN 13537: 2012)<\/strong> 209 cm<\/p>\n<p><strong>Iek&scaron;\u0113jais platums k\u0101ju zon\u0101 (EN 13537: 2012<\/strong>) 50 cm<\/p>\n<p><strong>Minim\u0101l\u0101 Komforta temperat\u016bras &deg; C (EN 13537: 2012)<\/strong> -1 &deg; C<\/p>\n<p><strong>Ekstrem\u0101l\u0101 temperat\u016bra &deg; C (EN 13537: 2012)<\/strong> -17 &deg; C<\/p>\n<p><strong>Komforta temperat\u016bra &deg; C (EN 13537: 2012)<\/strong> 4 &deg; C<\/p>\n<p><strong>Maksim\u0101lais iek&scaron;\u0113jais platums EN (13537: 2012)<\/strong> 78 cm<\/p>\n<p><strong>Sl\u0101\u0146u skaits<\/strong> 2<\/p>\n<p><strong>Pamat materi\u0101ls<\/strong> 30D Nylon 100% Polyester<\/p>\n<p><strong>Pild\u012bjums <\/strong>95% White goose down | 5% White goose feathe<\/p>\n<p><strong>Oder\u0113juma materi\u0101ls <\/strong>50D Neylon 100% Polyester<\/p>\n","protected":false},"excerpt":{"rendered":"<p>Ultra viegli materi\u0101li un labak\u0101 d\u016bnu kvalit\u0101te padara &scaron;o par maz\u0101ko un kompakt\u0101ko MAMMUT Ajungilak gu\u013cammaisu. LightTX \u0101r\u0113jais materi\u0101ls ir \u012bpa&scaron;i viegls, v\u0113ja iztur\u012bgs un \u016bdeni atgr\u016bdo&scaron;s Speci\u0101l\u0101 kameru uzb\u016bve ne\u013cauj d\u016bn\u0101m sakristies, t\u0101 ne\u013caujot izveidoties atsevi&scaron;\u0137\u0101m aukstuma zon\u0101m Performance Hood nodro&scaron;ina pla&scaron;u skat\u012bjuma le\u0146\u0137i, tai pa&scaron;\u0101 laik\u0101 ne\u013cauj gu\u013cammais\u0101 ien\u0101kt aukstumam Divu sl\u0101\u0146u, 9 [&hellip;]<\/p>\n","protected":false},"featured_media":68704,"template":"","meta":[],"product_brand":[3386],"product_cat":[4558,4569,4983],"product_tag":[],"class_list":{"0":"post-77942","1":"product","2":"type-product","3":"status-publish","4":"has-post-thumbnail","6":"product_brand-mammut","7":"product_cat-for-tourism-recreation","8":"product_cat-sleeping-bags-for-tourism-recreation","9":"product_cat-mammut-sleeping-bags-sleeping-bags-for-tourism-recreation","11":"first","12":"instock","13":"shipping-taxable","14":"purchasable","15":"product-type-simple"},"_links":{"self":[{"href":"https:\/\/sezona.lv\/en\/wp-json\/wp\/v2\/product\/77942","targetHints":{"allow":["GET"]}}],"collection":[{"href":"https:\/\/sezona.lv\/en\/wp-json\/wp\/v2\/product"}],"about":[{"href":"https:\/\/sezona.lv\/en\/wp-json\/wp\/v2\/types\/product"}],"wp:featuredmedia":[{"embeddable":true,"href":"https:\/\/sezona.lv\/en\/wp-json\/wp\/v2\/media\/68704"}],"wp:attachment":[{"href":"https:\/\/sezona.lv\/en\/wp-json\/wp\/v2\/media?parent=77942"}],"wp:term":[{"taxonomy":"product_brand","embeddable":true,"href":"https:\/\/sezona.lv\/en\/wp-json\/wp\/v2\/product_brand?post=77942"},{"taxonomy":"product_cat","embeddable":true,"href":"https:\/\/sezona.lv\/en\/wp-json\/wp\/v2\/product_cat?post=77942"},{"taxonomy":"product_tag","embeddable":true,"href":"https:\/\/sezona.lv\/en\/wp-json\/wp\/v2\/product_tag?post=77942"}],"curies":[{"name":"wp","href":"https:\/\/api.w.org\/{rel}","templated":true}]}}