{"id":77944,"date":"2025-07-11T16:25:32","date_gmt":"2025-07-11T13:25:32","guid":{"rendered":"https:\/\/demo8.ecube.lv\/sezona.lv\/products\/mammut-gulammaiss-altitude-5-season\/"},"modified":"2025-07-14T15:15:37","modified_gmt":"2025-07-14T12:15:37","slug":"mammut-gulammaiss-altitude-5-season","status":"publish","type":"product","link":"https:\/\/sezona.lv\/en\/products\/mammut-gulammaiss-altitude-5-season\/","title":{"rendered":"Mammut gu\u013cammaiss ALTITUDE 5 SEASON"},"content":{"rendered":"<p>D\u016bnu gu\u013cammaisu eksped\u012bciju s\u0113rija nodro&scaron;ina ekselentu aizsardz\u012bbu visskarb\u0101kajos apst\u0101k\u013cos.<br \/>&ndash; shelterTX \u0101r\u0113jais materi\u0101ls ar \u016bdensiztur\u012bgu, bet elpojo&scaron;u membr\u0101nu nodro&scaron;ina aizsardz\u012bbu pret lietu un sniegu<br \/>&ndash; speci\u0101l\u0101 kameru uzb\u016bve ne\u013cauj d\u016bn\u0101m sakristies, t\u0101 ne\u013caujot izveidoties atsevi&scaron;\u0137\u0101m aukstuma zon\u0101m<br \/>&ndash; speci\u0101l\u0101 uzb\u016bve nodro&scaron;ina ekselentu aizsardz\u012bbu, tai pa&scaron;\u0101 laik\u0101 noturot minim\u0101lu svaru<br \/>&ndash; 5-sezonu un ziemas gu\u013cammaisiem \u012bpa&scaron;i liela siltumizol\u0101cija k\u0101ju da\u013c\u0101<br \/>&ndash; Hot Head Hood sist\u0113ma nodro&scaron;ina nepiecie&scaron;amo siltumu galvai, k\u0101 ar\u012b pilnu redzam\u012bbu ar aizv\u0113rtu kapuci<br \/>&ndash; unik\u0101lais Face Protector aizsarg\u0101 seju no v\u0113ja<\/p>\n<p>Pild\u012bjums: Goose Down 800 cuin 95\/5<\/p>\n<p>Mak. augstums: 200cm<br \/>R\u0101v\u0113jsl\u0113dz\u0113ja garums: 160 cm<br \/>Komf. T: -22\/-30<br \/>Tilpums: 11.40 L<br \/>Pild\u012bjuma svars: 1150<\/p>\n<p>&nbsp;<\/p>\n<p>Svars: 2000 g<\/p>\n","protected":false},"excerpt":{"rendered":"<p>D\u016bnu gu\u013cammaisu eksped\u012bciju s\u0113rija nodro&scaron;ina ekselentu aizsardz\u012bbu visskarb\u0101kajos apst\u0101k\u013cos.&ndash; shelterTX \u0101r\u0113jais materi\u0101ls ar \u016bdensiztur\u012bgu, bet elpojo&scaron;u membr\u0101nu nodro&scaron;ina aizsardz\u012bbu pret lietu un sniegu&ndash; speci\u0101l\u0101 kameru uzb\u016bve ne\u013cauj d\u016bn\u0101m sakristies, t\u0101 ne\u013caujot izveidoties atsevi&scaron;\u0137\u0101m aukstuma zon\u0101m&ndash; speci\u0101l\u0101 uzb\u016bve nodro&scaron;ina ekselentu aizsardz\u012bbu, tai pa&scaron;\u0101 laik\u0101 noturot minim\u0101lu svaru&ndash; 5-sezonu un ziemas gu\u013cammaisiem \u012bpa&scaron;i liela siltumizol\u0101cija k\u0101ju da\u013c\u0101&ndash; [&hellip;]<\/p>\n","protected":false},"featured_media":68716,"template":"","meta":[],"product_brand":[3386],"product_cat":[4558,4569,4983],"product_tag":[],"class_list":{"0":"post-77944","1":"product","2":"type-product","3":"status-publish","4":"has-post-thumbnail","6":"product_brand-mammut","7":"product_cat-for-tourism-recreation","8":"product_cat-sleeping-bags-for-tourism-recreation","9":"product_cat-mammut-sleeping-bags-sleeping-bags-for-tourism-recreation","11":"first","12":"instock","13":"shipping-taxable","14":"purchasable","15":"product-type-simple"},"_links":{"self":[{"href":"https:\/\/sezona.lv\/en\/wp-json\/wp\/v2\/product\/77944","targetHints":{"allow":["GET"]}}],"collection":[{"href":"https:\/\/sezona.lv\/en\/wp-json\/wp\/v2\/product"}],"about":[{"href":"https:\/\/sezona.lv\/en\/wp-json\/wp\/v2\/types\/product"}],"wp:featuredmedia":[{"embeddable":true,"href":"https:\/\/sezona.lv\/en\/wp-json\/wp\/v2\/media\/68716"}],"wp:attachment":[{"href":"https:\/\/sezona.lv\/en\/wp-json\/wp\/v2\/media?parent=77944"}],"wp:term":[{"taxonomy":"product_brand","embeddable":true,"href":"https:\/\/sezona.lv\/en\/wp-json\/wp\/v2\/product_brand?post=77944"},{"taxonomy":"product_cat","embeddable":true,"href":"https:\/\/sezona.lv\/en\/wp-json\/wp\/v2\/product_cat?post=77944"},{"taxonomy":"product_tag","embeddable":true,"href":"https:\/\/sezona.lv\/en\/wp-json\/wp\/v2\/product_tag?post=77944"}],"curies":[{"name":"wp","href":"https:\/\/api.w.org\/{rel}","templated":true}]}}