{"id":77947,"date":"2025-07-11T16:25:36","date_gmt":"2025-07-11T13:25:36","guid":{"rendered":"https:\/\/demo8.ecube.lv\/sezona.lv\/products\/mammut-gulammaiss-kompakt-down-winter-195\/"},"modified":"2025-07-14T15:15:40","modified_gmt":"2025-07-14T12:15:40","slug":"mammut-gulammaiss-kompakt-down-winter-195","status":"publish","type":"product","link":"https:\/\/sezona.lv\/en\/products\/mammut-gulammaiss-kompakt-down-winter-195\/","title":{"rendered":"Mammut gu\u013cammaiss Kompakt Down Winter 195"},"content":{"rendered":"<p>\u012apa&scaron;i viegls d\u016bnu gu\u013cammais ar augstas kvalit\u0101tes dun\u0101m un regul\u0101ru  piegriezumu padara &scaron;o gu\u013cammaisu \u013coti komfortablu un vieglu! \u012apa&scaron;a  konstrukcija dos papildus siltumu k\u0101ju un galvas da\u013c\u0101. Performance Hood  sist\u0113ma nodro&scaron;ina nepiecie&scaron;amo siltumu galvai, k\u0101 ar\u012b pilnu redzam\u012bbu ar  aizv\u0113rtu kapuci. Ir iek&scaron;\u0113j\u0101 kabata ar r\u0101v\u0113jsl\u0113dz\u0113ju.<br \/> R\u0101v\u0113jsl\u0113dz\u0113ja garums: 160 cm<br \/> Max. augums: 195 cm<br \/> Komf. t&deg;: +21;-10&deg; C<br \/> Extr.t&deg;: -29&deg;C<br \/> Pild\u012bjums:100% Duck Down 90\/10<br \/> Tilpums: 7.7 L<br \/> Pild\u012bjuma svars: 750 g<br \/> Svars 1270 g<\/p>\n","protected":false},"excerpt":{"rendered":"<p>\u012apa&scaron;i viegls d\u016bnu gu\u013cammais ar augstas kvalit\u0101tes dun\u0101m un regul\u0101ru piegriezumu padara &scaron;o gu\u013cammaisu \u013coti komfortablu un vieglu! \u012apa&scaron;a konstrukcija dos papildus siltumu k\u0101ju un galvas da\u013c\u0101. Performance Hood sist\u0113ma nodro&scaron;ina nepiecie&scaron;amo siltumu galvai, k\u0101 ar\u012b pilnu redzam\u012bbu ar aizv\u0113rtu kapuci. Ir iek&scaron;\u0113j\u0101 kabata ar r\u0101v\u0113jsl\u0113dz\u0113ju. R\u0101v\u0113jsl\u0113dz\u0113ja garums: 160 cm Max. augums: 195 cm Komf. [&hellip;]<\/p>\n","protected":false},"featured_media":68729,"template":"","meta":[],"product_brand":[3386],"product_cat":[4558,4569,4983],"product_tag":[],"class_list":{"0":"post-77947","1":"product","2":"type-product","3":"status-publish","4":"has-post-thumbnail","6":"product_brand-mammut","7":"product_cat-for-tourism-recreation","8":"product_cat-sleeping-bags-for-tourism-recreation","9":"product_cat-mammut-sleeping-bags-sleeping-bags-for-tourism-recreation","11":"first","12":"instock","13":"shipping-taxable","14":"purchasable","15":"product-type-simple"},"_links":{"self":[{"href":"https:\/\/sezona.lv\/en\/wp-json\/wp\/v2\/product\/77947","targetHints":{"allow":["GET"]}}],"collection":[{"href":"https:\/\/sezona.lv\/en\/wp-json\/wp\/v2\/product"}],"about":[{"href":"https:\/\/sezona.lv\/en\/wp-json\/wp\/v2\/types\/product"}],"wp:featuredmedia":[{"embeddable":true,"href":"https:\/\/sezona.lv\/en\/wp-json\/wp\/v2\/media\/68729"}],"wp:attachment":[{"href":"https:\/\/sezona.lv\/en\/wp-json\/wp\/v2\/media?parent=77947"}],"wp:term":[{"taxonomy":"product_brand","embeddable":true,"href":"https:\/\/sezona.lv\/en\/wp-json\/wp\/v2\/product_brand?post=77947"},{"taxonomy":"product_cat","embeddable":true,"href":"https:\/\/sezona.lv\/en\/wp-json\/wp\/v2\/product_cat?post=77947"},{"taxonomy":"product_tag","embeddable":true,"href":"https:\/\/sezona.lv\/en\/wp-json\/wp\/v2\/product_tag?post=77947"}],"curies":[{"name":"wp","href":"https:\/\/api.w.org\/{rel}","templated":true}]}}