{"id":77948,"date":"2025-07-11T16:25:37","date_gmt":"2025-07-11T13:25:37","guid":{"rendered":"https:\/\/demo8.ecube.lv\/sezona.lv\/products\/mammut-gulammaiss-kompakt-down-winter-180\/"},"modified":"2025-07-14T15:15:42","modified_gmt":"2025-07-14T12:15:42","slug":"mammut-gulammaiss-kompakt-down-winter-180","status":"publish","type":"product","link":"https:\/\/sezona.lv\/en\/products\/mammut-gulammaiss-kompakt-down-winter-180\/","title":{"rendered":"Mammut gu\u013cammaiss Kompakt Down Winter 180"},"content":{"rendered":"<p><span>\u012apa&scaron;i viegls d\u016bnu gu\u013cammais ar augstas kvalit\u0101tes dun\u0101m un regul\u0101ru piegriezumu padara &scaron;o gu\u013cammaisu \u013coti komfortablu un vieglu! \u012apa&scaron;a konstrukcija dos papildus siltumu k\u0101ju un galvas da\u013c\u0101. Performance Hood sist\u0113ma nodro&scaron;ina nepiecie&scaron;amo siltumu galvai, k\u0101 ar\u012b pilnu redzam\u012bbu ar aizv\u0113rtu kapuci. Ir iek&scaron;\u0113j\u0101 kabata ar r\u0101v\u0113jsl\u0113dz\u0113ju.<\/span><br \/><span>R\u0101v\u0113jsl\u0113dz\u0113ja garums: 160 cm<\/span><br \/><span>Max. augums: 180 cm<\/span><br \/><span>Komf. t&deg;: +21;-10&deg; C<\/span><br \/><span>Extr.t&deg;: -29&deg;C<\/span><br \/><span>Pild\u012bjums:100% Duck Down 90\/10<\/span><br \/><span>Tilpums: 7.2 L<\/span><br \/><span>Pild\u012bjuma svars: 680 g<\/span><br \/><span>Svars 1190 g<\/span><\/p>\n","protected":false},"excerpt":{"rendered":"<p>\u012apa&scaron;i viegls d\u016bnu gu\u013cammais ar augstas kvalit\u0101tes dun\u0101m un regul\u0101ru piegriezumu padara &scaron;o gu\u013cammaisu \u013coti komfortablu un vieglu! \u012apa&scaron;a konstrukcija dos papildus siltumu k\u0101ju un galvas da\u013c\u0101. Performance Hood sist\u0113ma nodro&scaron;ina nepiecie&scaron;amo siltumu galvai, k\u0101 ar\u012b pilnu redzam\u012bbu ar aizv\u0113rtu kapuci. Ir iek&scaron;\u0113j\u0101 kabata ar r\u0101v\u0113jsl\u0113dz\u0113ju.R\u0101v\u0113jsl\u0113dz\u0113ja garums: 160 cmMax. augums: 180 cmKomf. t&deg;: +21;-10&deg; CExtr.t&deg;: [&hellip;]<\/p>\n","protected":false},"featured_media":68732,"template":"","meta":[],"product_brand":[3386],"product_cat":[4558,4569,4983],"product_tag":[],"class_list":{"0":"post-77948","1":"product","2":"type-product","3":"status-publish","4":"has-post-thumbnail","6":"product_brand-mammut","7":"product_cat-for-tourism-recreation","8":"product_cat-sleeping-bags-for-tourism-recreation","9":"product_cat-mammut-sleeping-bags-sleeping-bags-for-tourism-recreation","11":"first","12":"instock","13":"shipping-taxable","14":"purchasable","15":"product-type-simple"},"_links":{"self":[{"href":"https:\/\/sezona.lv\/en\/wp-json\/wp\/v2\/product\/77948","targetHints":{"allow":["GET"]}}],"collection":[{"href":"https:\/\/sezona.lv\/en\/wp-json\/wp\/v2\/product"}],"about":[{"href":"https:\/\/sezona.lv\/en\/wp-json\/wp\/v2\/types\/product"}],"wp:featuredmedia":[{"embeddable":true,"href":"https:\/\/sezona.lv\/en\/wp-json\/wp\/v2\/media\/68732"}],"wp:attachment":[{"href":"https:\/\/sezona.lv\/en\/wp-json\/wp\/v2\/media?parent=77948"}],"wp:term":[{"taxonomy":"product_brand","embeddable":true,"href":"https:\/\/sezona.lv\/en\/wp-json\/wp\/v2\/product_brand?post=77948"},{"taxonomy":"product_cat","embeddable":true,"href":"https:\/\/sezona.lv\/en\/wp-json\/wp\/v2\/product_cat?post=77948"},{"taxonomy":"product_tag","embeddable":true,"href":"https:\/\/sezona.lv\/en\/wp-json\/wp\/v2\/product_tag?post=77948"}],"curies":[{"name":"wp","href":"https:\/\/api.w.org\/{rel}","templated":true}]}}